{"id":20029,"date":"2025-06-07T15:39:49","date_gmt":"2025-06-07T13:39:49","guid":{"rendered":"https:\/\/www.monobjectifvelo.com\/?post_type=product&#038;p=20029"},"modified":"2025-11-17T17:34:14","modified_gmt":"2025-11-17T16:34:14","slug":"conference-reussir-ta-saison-sportive","status":"publish","type":"product","link":"https:\/\/www.monobjectifvelo.com\/?product=conference-reussir-ta-saison-sportive","title":{"rendered":"Conf\u00e9rence R\u00e9ussir Ta Saison Sportive"},"content":{"rendered":"<h2><strong>CONF\u00c9RENCE<\/strong><\/h2>\n<h1><strong>REUSSIR TA SAISON SPORTIVE<\/strong><\/h1>\n<p><strong>CONTENU DE LA CONFERENCE<\/strong><\/p>\n<p><strong>Certains sportifs r\u00e9ussissent mieux que d&rsquo;autres : ils ont compris et adopt\u00e9 les d\u00e9terminants de la performance d\u2019un bon \u00ab sportif \u00bb qui permettent de devenir, pourquoi pas, un futur grand athl\u00e8te. Au moins d\u2019atteindre son PPIP : Plein Potentiel Individuel de Performance<\/strong><\/p>\n<ul>\n<li>Qu\u2019est-ce qui est important ?<\/li>\n<li>Pourquoi ils sont importants ?<\/li>\n<li>Comment d\u00e9velopper ces facteurs essentiels ?<\/li>\n<\/ul>\n<p><strong>Cette conf\u00e9rence de St\u00e9phane Gourmelon sur \u00ab R\u00e9ussir Ta Saison Sportive \u00bb r\u00e9pond \u00e0 toutes ces questions, et \u00e0 bien d\u2019autres. Vous y trouverez des exemples concrets, une m\u00e9thode et des conseils imm\u00e9diatement applicables pour augmenter la p\u00e9rennit\u00e9 des sportifs qui composent vos \u00e9quipes et leur permettre de lib\u00e9rer leur plein potentiel.<\/strong><\/p>\n<p>\u200bAnim\u00e9e dans un style vivant, \u00e9maill\u00e9e d\u2019exemples divers, entraineurs sportifs ou sportifs vous-m\u00eames, cette conf\u00e9rence vous livrera une multitude d\u2019id\u00e9es et d\u2019outils pour vous permettre de mettre votre \u00e9quipe sous tension positive afin qu\u2019ils donnent le meilleur d\u2019eux-m\u00eames.<\/p>\n<p><strong>Vous d\u00e9couvrirez notamment<\/strong><\/p>\n<ul>\n<li>7 facteurs impactant la performance sportive\u00a0;<\/li>\n<li>Des r\u00e8gles incontournables pour augmenter la motivation\u00a0;<\/li>\n<li>Comprendre chaque facteur afin de minimiser les risques d\u2019un \u00e9chec\u00a0;<\/li>\n<li>Des r\u00e9cits, des anecdotes et des exp\u00e9riences \u00e9tonnantes qui vous d\u00e9montreront que la performance est une science qui ne doit rien au hasard.<\/li>\n<\/ul>\n<p>Destin\u00e9e \u00e0 tous ceux qui ambitionnent de d\u00e9velopper les potentiels sportifs de leurs \u00e9quipes pour maximiser leurs r\u00e9sultats, cette conf\u00e9rence \u00ab\u00a0\u00e9lectrochoc\u00a0\u00bb vous r\u00e9v\u00e8lera les secrets de ceux qui obtiennent le meilleur de leurs \u00e9quipes et rencontrent le succ\u00e8s sportif.<\/p>\n<p><strong>\u00a0<\/strong><strong>Dur\u00e9e\u00a0de la conf\u00e9rence<\/strong><\/p>\n<p>1 heure 15 minutes + 15 minutes de questions\/r\u00e9ponses<\/p>\n<p>Date \u00e0 d\u00e9finir en commun avant validation de l&rsquo;achat.<\/p>\n","protected":false},"excerpt":{"rendered":"<p>On a tous envie de r\u00e9ussir sa saison sportive et avec la connaissance des 7 points essentiels ce sera tellement plus simple.<\/p>\n","protected":false},"featured_media":20030,"template":"","meta":[],"pwb-brand":[],"product_brand":[],"product_cat":[381],"product_tag":[],"class_list":{"0":"post-20029","1":"product","2":"type-product","3":"status-publish","4":"has-post-thumbnail","6":"product_cat-intervention","8":"first","9":"instock","10":"virtual","11":"purchasable","12":"product-type-simple"},"brands":[],"_links":{"self":[{"href":"https:\/\/www.monobjectifvelo.com\/index.php?rest_route=\/wp\/v2\/product\/20029","targetHints":{"allow":["GET"]}}],"collection":[{"href":"https:\/\/www.monobjectifvelo.com\/index.php?rest_route=\/wp\/v2\/product"}],"about":[{"href":"https:\/\/www.monobjectifvelo.com\/index.php?rest_route=\/wp\/v2\/types\/product"}],"version-history":[{"count":2,"href":"https:\/\/www.monobjectifvelo.com\/index.php?rest_route=\/wp\/v2\/product\/20029\/revisions"}],"predecessor-version":[{"id":20039,"href":"https:\/\/www.monobjectifvelo.com\/index.php?rest_route=\/wp\/v2\/product\/20029\/revisions\/20039"}],"wp:featuredmedia":[{"embeddable":true,"href":"https:\/\/www.monobjectifvelo.com\/index.php?rest_route=\/wp\/v2\/media\/20030"}],"wp:attachment":[{"href":"https:\/\/www.monobjectifvelo.com\/index.php?rest_route=%2Fwp%2Fv2%2Fmedia&parent=20029"}],"wp:term":[{"taxonomy":"pwb-brand","embeddable":true,"href":"https:\/\/www.monobjectifvelo.com\/index.php?rest_route=%2Fwp%2Fv2%2Fpwb-brand&post=20029"},{"taxonomy":"product_brand","embeddable":true,"href":"https:\/\/www.monobjectifvelo.com\/index.php?rest_route=%2Fwp%2Fv2%2Fproduct_brand&post=20029"},{"taxonomy":"product_cat","embeddable":true,"href":"https:\/\/www.monobjectifvelo.com\/index.php?rest_route=%2Fwp%2Fv2%2Fproduct_cat&post=20029"},{"taxonomy":"product_tag","embeddable":true,"href":"https:\/\/www.monobjectifvelo.com\/index.php?rest_route=%2Fwp%2Fv2%2Fproduct_tag&post=20029"}],"curies":[{"name":"wp","href":"https:\/\/api.w.org\/{rel}","templated":true}]}}