{"id":19967,"date":"2025-04-18T16:52:23","date_gmt":"2025-04-18T14:52:23","guid":{"rendered":"https:\/\/www.monobjectifvelo.com\/?post_type=product&#038;p=19967"},"modified":"2025-04-28T19:36:15","modified_gmt":"2025-04-28T17:36:15","slug":"acces-30j-a-lapp-online","status":"publish","type":"product","link":"https:\/\/www.monobjectifvelo.com\/?product=acces-30j-a-lapp-online","title":{"rendered":"Acc\u00e8s 30j \u00e0 l&rsquo;App OnLine"},"content":{"rendered":"<p>Acc\u00e9dez pendant 30 jours \u00e0 l&rsquo;application OnLine pour participer aux s\u00e9ance coach\u00e9s en Live ou en VOD.<\/p>\n","protected":false},"excerpt":{"rendered":"<p>Acc\u00e9dez pendant 30 jours \u00e0 l&rsquo;application OnLine pour participer aux s\u00e9ance coach\u00e9s en Live ou en VOD.<\/p>\n","protected":false},"featured_media":19968,"template":"","meta":[],"pwb-brand":[],"product_brand":[],"product_cat":[380],"product_tag":[],"class_list":{"0":"post-19967","1":"product","2":"type-product","3":"status-publish","4":"has-post-thumbnail","6":"product_cat-apponline","8":"first","9":"instock","10":"virtual","11":"purchasable","12":"product-type-simple"},"brands":[],"_links":{"self":[{"href":"https:\/\/www.monobjectifvelo.com\/index.php?rest_route=\/wp\/v2\/product\/19967","targetHints":{"allow":["GET"]}}],"collection":[{"href":"https:\/\/www.monobjectifvelo.com\/index.php?rest_route=\/wp\/v2\/product"}],"about":[{"href":"https:\/\/www.monobjectifvelo.com\/index.php?rest_route=\/wp\/v2\/types\/product"}],"version-history":[{"count":1,"href":"https:\/\/www.monobjectifvelo.com\/index.php?rest_route=\/wp\/v2\/product\/19967\/revisions"}],"predecessor-version":[{"id":19972,"href":"https:\/\/www.monobjectifvelo.com\/index.php?rest_route=\/wp\/v2\/product\/19967\/revisions\/19972"}],"wp:featuredmedia":[{"embeddable":true,"href":"https:\/\/www.monobjectifvelo.com\/index.php?rest_route=\/wp\/v2\/media\/19968"}],"wp:attachment":[{"href":"https:\/\/www.monobjectifvelo.com\/index.php?rest_route=%2Fwp%2Fv2%2Fmedia&parent=19967"}],"wp:term":[{"taxonomy":"pwb-brand","embeddable":true,"href":"https:\/\/www.monobjectifvelo.com\/index.php?rest_route=%2Fwp%2Fv2%2Fpwb-brand&post=19967"},{"taxonomy":"product_brand","embeddable":true,"href":"https:\/\/www.monobjectifvelo.com\/index.php?rest_route=%2Fwp%2Fv2%2Fproduct_brand&post=19967"},{"taxonomy":"product_cat","embeddable":true,"href":"https:\/\/www.monobjectifvelo.com\/index.php?rest_route=%2Fwp%2Fv2%2Fproduct_cat&post=19967"},{"taxonomy":"product_tag","embeddable":true,"href":"https:\/\/www.monobjectifvelo.com\/index.php?rest_route=%2Fwp%2Fv2%2Fproduct_tag&post=19967"}],"curies":[{"name":"wp","href":"https:\/\/api.w.org\/{rel}","templated":true}]}}