{"id":19933,"date":"2025-03-14T23:17:37","date_gmt":"2025-03-14T22:17:37","guid":{"rendered":"https:\/\/www.monobjectifvelo.com\/?post_type=product&#038;p=19933"},"modified":"2025-03-17T15:31:24","modified_gmt":"2025-03-17T14:31:24","slug":"esprit-champion-ebook","status":"publish","type":"product","link":"https:\/\/www.monobjectifvelo.com\/?product=esprit-champion-ebook","title":{"rendered":"ESPRIT CHAMPION &#8211; EBOOK"},"content":{"rendered":"<p>Se lancer dans le d\u00e9veloppement d&rsquo;un \u00ab esprit de champion \u00bb signifie s&rsquo;engager sur la voie de la transformation non seulement de ses pens\u00e9es, mais aussi de sa fa\u00e7on d&rsquo;aborder l&rsquo;entra\u00eenement,\u00a0 les d\u00e9fis et les opportunit\u00e9s.<\/p>\n<p>Cet ebook, \u00ab\u00a0Esprit Champion\u00a0\u00bb, est con\u00e7u pour vous doter des outils mentaux n\u00e9cessaires pour \u00e9lever votre r\u00e9flexion et vos actions \u00e0 un niveau o\u00f9 l&rsquo;atteinte de votre plein potentiel g\u00e9n\u00e9tique devient votre objectif principal.<\/p>\n<p>Je me suis bas\u00e9 sur une analyse d&rsquo;une multitude de livres.<\/p>\n<p>Vous avez 3 possibilit\u00e9s de t\u00e9l\u00e9chargement.<\/p>\n<p>40 pages<\/p>\n","protected":false},"excerpt":{"rendered":"<p>Se lancer dans le d\u00e9veloppement d&rsquo;un \u00ab esprit de champion \u00bb signifie s&rsquo;engager sur la voie de la transformation non seulement de ses pens\u00e9es, mais aussi de sa fa\u00e7on d&rsquo;aborder l&rsquo;entra\u00eenement,\u00a0 les d\u00e9fis et les opportunit\u00e9s. Cet ebook, \u00ab\u00a0Esprit Champion\u00a0\u00bb, est con\u00e7u pour vous doter des outils mentaux n\u00e9cessaires pour \u00e9lever votre r\u00e9flexion et vos [&hellip;]<\/p>\n","protected":false},"featured_media":19935,"template":"","meta":[],"pwb-brand":[],"product_brand":[],"product_cat":[379],"product_tag":[],"class_list":{"0":"post-19933","1":"product","2":"type-product","3":"status-publish","4":"has-post-thumbnail","6":"product_cat-ebook","8":"first","9":"instock","10":"downloadable","11":"virtual","12":"purchasable","13":"product-type-simple"},"brands":[],"_links":{"self":[{"href":"https:\/\/www.monobjectifvelo.com\/index.php?rest_route=\/wp\/v2\/product\/19933","targetHints":{"allow":["GET"]}}],"collection":[{"href":"https:\/\/www.monobjectifvelo.com\/index.php?rest_route=\/wp\/v2\/product"}],"about":[{"href":"https:\/\/www.monobjectifvelo.com\/index.php?rest_route=\/wp\/v2\/types\/product"}],"version-history":[{"count":0,"href":"https:\/\/www.monobjectifvelo.com\/index.php?rest_route=\/wp\/v2\/product\/19933\/revisions"}],"wp:featuredmedia":[{"embeddable":true,"href":"https:\/\/www.monobjectifvelo.com\/index.php?rest_route=\/wp\/v2\/media\/19935"}],"wp:attachment":[{"href":"https:\/\/www.monobjectifvelo.com\/index.php?rest_route=%2Fwp%2Fv2%2Fmedia&parent=19933"}],"wp:term":[{"taxonomy":"pwb-brand","embeddable":true,"href":"https:\/\/www.monobjectifvelo.com\/index.php?rest_route=%2Fwp%2Fv2%2Fpwb-brand&post=19933"},{"taxonomy":"product_brand","embeddable":true,"href":"https:\/\/www.monobjectifvelo.com\/index.php?rest_route=%2Fwp%2Fv2%2Fproduct_brand&post=19933"},{"taxonomy":"product_cat","embeddable":true,"href":"https:\/\/www.monobjectifvelo.com\/index.php?rest_route=%2Fwp%2Fv2%2Fproduct_cat&post=19933"},{"taxonomy":"product_tag","embeddable":true,"href":"https:\/\/www.monobjectifvelo.com\/index.php?rest_route=%2Fwp%2Fv2%2Fproduct_tag&post=19933"}],"curies":[{"name":"wp","href":"https:\/\/api.w.org\/{rel}","templated":true}]}}