{"id":19852,"date":"2025-02-21T15:44:27","date_gmt":"2025-02-21T14:44:27","guid":{"rendered":"https:\/\/www.monobjectifvelo.com\/?post_type=product&#038;p=19852"},"modified":"2025-06-10T15:07:20","modified_gmt":"2025-06-10T13:07:20","slug":"50-credits-2","status":"publish","type":"product","link":"https:\/\/www.monobjectifvelo.com\/?product=50-credits-2","title":{"rendered":"+ 50 Cr\u00e9dits"},"content":{"rendered":"<p>Rajoute 50 cr\u00e9dits \u00e0 votre Pass existant. A utiliser dans les 365 jours suivants.<\/p>\n<p>1 cr\u00e9dit = 1 s\u00e9ance<\/p>\n","protected":false},"excerpt":{"rendered":"<p>Rajoute 50 cr\u00e9dits \u00e0 votre Pass existant. A utiliser dans les 365 jours suivants. 1 cr\u00e9dit = 1 s\u00e9ance<\/p>\n","protected":false},"featured_media":19844,"template":"","meta":[],"pwb-brand":[],"product_brand":[],"product_cat":[127],"product_tag":[],"class_list":{"0":"post-19852","1":"product","2":"type-product","3":"status-publish","4":"has-post-thumbnail","6":"product_cat-credits-studio","7":"bapap-booking-pass","9":"first","10":"instock","11":"sale","12":"virtual","13":"purchasable","14":"product-type-simple"},"brands":[],"_links":{"self":[{"href":"https:\/\/www.monobjectifvelo.com\/index.php?rest_route=\/wp\/v2\/product\/19852","targetHints":{"allow":["GET"]}}],"collection":[{"href":"https:\/\/www.monobjectifvelo.com\/index.php?rest_route=\/wp\/v2\/product"}],"about":[{"href":"https:\/\/www.monobjectifvelo.com\/index.php?rest_route=\/wp\/v2\/types\/product"}],"version-history":[{"count":0,"href":"https:\/\/www.monobjectifvelo.com\/index.php?rest_route=\/wp\/v2\/product\/19852\/revisions"}],"wp:featuredmedia":[{"embeddable":true,"href":"https:\/\/www.monobjectifvelo.com\/index.php?rest_route=\/wp\/v2\/media\/19844"}],"wp:attachment":[{"href":"https:\/\/www.monobjectifvelo.com\/index.php?rest_route=%2Fwp%2Fv2%2Fmedia&parent=19852"}],"wp:term":[{"taxonomy":"pwb-brand","embeddable":true,"href":"https:\/\/www.monobjectifvelo.com\/index.php?rest_route=%2Fwp%2Fv2%2Fpwb-brand&post=19852"},{"taxonomy":"product_brand","embeddable":true,"href":"https:\/\/www.monobjectifvelo.com\/index.php?rest_route=%2Fwp%2Fv2%2Fproduct_brand&post=19852"},{"taxonomy":"product_cat","embeddable":true,"href":"https:\/\/www.monobjectifvelo.com\/index.php?rest_route=%2Fwp%2Fv2%2Fproduct_cat&post=19852"},{"taxonomy":"product_tag","embeddable":true,"href":"https:\/\/www.monobjectifvelo.com\/index.php?rest_route=%2Fwp%2Fv2%2Fproduct_tag&post=19852"}],"curies":[{"name":"wp","href":"https:\/\/api.w.org\/{rel}","templated":true}]}}