{"id":16624,"date":"2022-06-15T15:46:25","date_gmt":"2022-06-15T13:46:25","guid":{"rendered":"https:\/\/www.monobjectifvelo.com\/?post_type=product&#038;p=16624"},"modified":"2025-02-21T15:34:06","modified_gmt":"2025-02-21T14:34:06","slug":"100-credits","status":"publish","type":"product","link":"https:\/\/www.monobjectifvelo.com\/?product=100-credits","title":{"rendered":"+ 25 cr\u00e9dits Studio"},"content":{"rendered":"<p>Rajoute 25 cr\u00e9dits \u00e0 votre Pass existant. A utiliser dans les 365 jours suivants.<\/p>\n<p>1 cr\u00e9dit = 1 s\u00e9ance<\/p>\n","protected":false},"excerpt":{"rendered":"<p>Rajoute 25 cr\u00e9dits \u00e0 votre Pass existant. A utiliser dans les 365 jours suivants. 1 cr\u00e9dit = 1 s\u00e9ance<\/p>\n","protected":false},"featured_media":19843,"template":"","meta":[],"pwb-brand":[],"product_brand":[],"product_cat":[127],"product_tag":[],"class_list":{"0":"post-16624","1":"product","2":"type-product","3":"status-publish","4":"has-post-thumbnail","6":"product_cat-credits-studio","7":"bapap-booking-pass","9":"first","10":"instock","11":"sale","12":"virtual","13":"purchasable","14":"product-type-simple"},"brands":[],"_links":{"self":[{"href":"https:\/\/www.monobjectifvelo.com\/index.php?rest_route=\/wp\/v2\/product\/16624","targetHints":{"allow":["GET"]}}],"collection":[{"href":"https:\/\/www.monobjectifvelo.com\/index.php?rest_route=\/wp\/v2\/product"}],"about":[{"href":"https:\/\/www.monobjectifvelo.com\/index.php?rest_route=\/wp\/v2\/types\/product"}],"version-history":[{"count":2,"href":"https:\/\/www.monobjectifvelo.com\/index.php?rest_route=\/wp\/v2\/product\/16624\/revisions"}],"predecessor-version":[{"id":19848,"href":"https:\/\/www.monobjectifvelo.com\/index.php?rest_route=\/wp\/v2\/product\/16624\/revisions\/19848"}],"wp:featuredmedia":[{"embeddable":true,"href":"https:\/\/www.monobjectifvelo.com\/index.php?rest_route=\/wp\/v2\/media\/19843"}],"wp:attachment":[{"href":"https:\/\/www.monobjectifvelo.com\/index.php?rest_route=%2Fwp%2Fv2%2Fmedia&parent=16624"}],"wp:term":[{"taxonomy":"pwb-brand","embeddable":true,"href":"https:\/\/www.monobjectifvelo.com\/index.php?rest_route=%2Fwp%2Fv2%2Fpwb-brand&post=16624"},{"taxonomy":"product_brand","embeddable":true,"href":"https:\/\/www.monobjectifvelo.com\/index.php?rest_route=%2Fwp%2Fv2%2Fproduct_brand&post=16624"},{"taxonomy":"product_cat","embeddable":true,"href":"https:\/\/www.monobjectifvelo.com\/index.php?rest_route=%2Fwp%2Fv2%2Fproduct_cat&post=16624"},{"taxonomy":"product_tag","embeddable":true,"href":"https:\/\/www.monobjectifvelo.com\/index.php?rest_route=%2Fwp%2Fv2%2Fproduct_tag&post=16624"}],"curies":[{"name":"wp","href":"https:\/\/api.w.org\/{rel}","templated":true}]}}