{"id":16620,"date":"2022-06-15T15:34:51","date_gmt":"2022-06-15T13:34:51","guid":{"rendered":"https:\/\/www.monobjectifvelo.com\/?post_type=product&#038;p=16620"},"modified":"2025-06-26T07:57:35","modified_gmt":"2025-06-26T05:57:35","slug":"20-credits__trashed","status":"publish","type":"product","link":"https:\/\/www.monobjectifvelo.com\/?product=20-credits__trashed","title":{"rendered":"+ 4 cr\u00e9dits Studio"},"content":{"rendered":"<p>Rajoute 4 cr\u00e9dits sur votre Pass existant. A utiliser dans les 365 jours suivants.<\/p>\n<p>1 cr\u00e9dit = 1 s\u00e9ance<\/p>\n","protected":false},"excerpt":{"rendered":"<p>Rajoute 4 cr\u00e9dits sur votre Pass existant. A utiliser dans les 365 jours suivants. 1 cr\u00e9dit = 1 s\u00e9ance<\/p>\n","protected":false},"featured_media":19851,"template":"","meta":[],"pwb-brand":[],"product_brand":[],"product_cat":[127],"product_tag":[],"class_list":{"0":"post-16620","1":"product","2":"type-product","3":"status-publish","4":"has-post-thumbnail","6":"product_cat-credits-studio","7":"bapap-booking-pass","9":"first","10":"instock","11":"sale","12":"virtual","13":"purchasable","14":"product-type-simple"},"brands":[],"_links":{"self":[{"href":"https:\/\/www.monobjectifvelo.com\/index.php?rest_route=\/wp\/v2\/product\/16620","targetHints":{"allow":["GET"]}}],"collection":[{"href":"https:\/\/www.monobjectifvelo.com\/index.php?rest_route=\/wp\/v2\/product"}],"about":[{"href":"https:\/\/www.monobjectifvelo.com\/index.php?rest_route=\/wp\/v2\/types\/product"}],"version-history":[{"count":2,"href":"https:\/\/www.monobjectifvelo.com\/index.php?rest_route=\/wp\/v2\/product\/16620\/revisions"}],"predecessor-version":[{"id":19850,"href":"https:\/\/www.monobjectifvelo.com\/index.php?rest_route=\/wp\/v2\/product\/16620\/revisions\/19850"}],"wp:featuredmedia":[{"embeddable":true,"href":"https:\/\/www.monobjectifvelo.com\/index.php?rest_route=\/wp\/v2\/media\/19851"}],"wp:attachment":[{"href":"https:\/\/www.monobjectifvelo.com\/index.php?rest_route=%2Fwp%2Fv2%2Fmedia&parent=16620"}],"wp:term":[{"taxonomy":"pwb-brand","embeddable":true,"href":"https:\/\/www.monobjectifvelo.com\/index.php?rest_route=%2Fwp%2Fv2%2Fpwb-brand&post=16620"},{"taxonomy":"product_brand","embeddable":true,"href":"https:\/\/www.monobjectifvelo.com\/index.php?rest_route=%2Fwp%2Fv2%2Fproduct_brand&post=16620"},{"taxonomy":"product_cat","embeddable":true,"href":"https:\/\/www.monobjectifvelo.com\/index.php?rest_route=%2Fwp%2Fv2%2Fproduct_cat&post=16620"},{"taxonomy":"product_tag","embeddable":true,"href":"https:\/\/www.monobjectifvelo.com\/index.php?rest_route=%2Fwp%2Fv2%2Fproduct_tag&post=16620"}],"curies":[{"name":"wp","href":"https:\/\/api.w.org\/{rel}","templated":true}]}}