{"id":16613,"date":"2022-06-15T14:04:40","date_gmt":"2022-06-15T12:04:40","guid":{"rendered":"https:\/\/www.monobjectifvelo.com\/?post_type=product&#038;p=16613"},"modified":"2025-02-21T15:25:31","modified_gmt":"2025-02-21T14:25:31","slug":"1-credit","status":"publish","type":"product","link":"https:\/\/www.monobjectifvelo.com\/?product=1-credit","title":{"rendered":"+ 1 cr\u00e9dit Studio"},"content":{"rendered":"<p>Incr\u00e9mentation d&rsquo;1 cr\u00e9dit \u00e0 votre compte.<\/p>\n","protected":false},"excerpt":{"rendered":"<p>Incr\u00e9mentation d&rsquo;1 cr\u00e9dit \u00e0 votre compte.<\/p>\n","protected":false},"featured_media":19840,"template":"","meta":[],"pwb-brand":[],"product_brand":[],"product_cat":[127],"product_tag":[],"class_list":{"0":"post-16613","1":"product","2":"type-product","3":"status-publish","4":"has-post-thumbnail","6":"product_cat-credits-studio","7":"bapap-booking-pass","9":"first","10":"instock","11":"virtual","12":"purchasable","13":"product-type-simple"},"brands":[],"_links":{"self":[{"href":"https:\/\/www.monobjectifvelo.com\/index.php?rest_route=\/wp\/v2\/product\/16613","targetHints":{"allow":["GET"]}}],"collection":[{"href":"https:\/\/www.monobjectifvelo.com\/index.php?rest_route=\/wp\/v2\/product"}],"about":[{"href":"https:\/\/www.monobjectifvelo.com\/index.php?rest_route=\/wp\/v2\/types\/product"}],"version-history":[{"count":1,"href":"https:\/\/www.monobjectifvelo.com\/index.php?rest_route=\/wp\/v2\/product\/16613\/revisions"}],"predecessor-version":[{"id":16622,"href":"https:\/\/www.monobjectifvelo.com\/index.php?rest_route=\/wp\/v2\/product\/16613\/revisions\/16622"}],"wp:featuredmedia":[{"embeddable":true,"href":"https:\/\/www.monobjectifvelo.com\/index.php?rest_route=\/wp\/v2\/media\/19840"}],"wp:attachment":[{"href":"https:\/\/www.monobjectifvelo.com\/index.php?rest_route=%2Fwp%2Fv2%2Fmedia&parent=16613"}],"wp:term":[{"taxonomy":"pwb-brand","embeddable":true,"href":"https:\/\/www.monobjectifvelo.com\/index.php?rest_route=%2Fwp%2Fv2%2Fpwb-brand&post=16613"},{"taxonomy":"product_brand","embeddable":true,"href":"https:\/\/www.monobjectifvelo.com\/index.php?rest_route=%2Fwp%2Fv2%2Fproduct_brand&post=16613"},{"taxonomy":"product_cat","embeddable":true,"href":"https:\/\/www.monobjectifvelo.com\/index.php?rest_route=%2Fwp%2Fv2%2Fproduct_cat&post=16613"},{"taxonomy":"product_tag","embeddable":true,"href":"https:\/\/www.monobjectifvelo.com\/index.php?rest_route=%2Fwp%2Fv2%2Fproduct_tag&post=16613"}],"curies":[{"name":"wp","href":"https:\/\/api.w.org\/{rel}","templated":true}]}}