{"id":20159,"date":"2025-09-03T15:57:28","date_gmt":"2025-09-03T13:57:28","guid":{"rendered":"https:\/\/www.monobjectifvelo.com\/?page_id=20159"},"modified":"2025-10-27T21:32:01","modified_gmt":"2025-10-27T20:32:01","slug":"bike-fitting","status":"publish","type":"page","link":"https:\/\/www.monobjectifvelo.com\/?page_id=20159","title":{"rendered":"Bike Fitting"},"content":{"rendered":"\n<p>Votre performance sur le v\u00e9lo est la r\u00e9sultante de plusieurs facteurs :<\/p>\n\n\n\n<figure class=\"wp-block-image size-full has-custom-border\"><a href=\"https:\/\/www.monobjectifvelo.com\/wp-content\/uploads\/2025\/09\/bike_photo.png\"><img fetchpriority=\"high\" decoding=\"async\" width=\"652\" height=\"727\" src=\"https:\/\/www.monobjectifvelo.com\/wp-content\/uploads\/2025\/09\/bike_photo.png\" alt=\"\" class=\"wp-image-20223\" style=\"border-radius:18px;aspect-ratio:16\/9;object-fit:cover\" srcset=\"https:\/\/www.monobjectifvelo.com\/wp-content\/uploads\/2025\/09\/bike_photo.png 652w, https:\/\/www.monobjectifvelo.com\/wp-content\/uploads\/2025\/09\/bike_photo-600x669.png 600w, https:\/\/www.monobjectifvelo.com\/wp-content\/uploads\/2025\/09\/bike_photo-269x300.png 269w\" sizes=\"(max-width: 652px) 100vw, 652px\" \/><\/a><\/figure>\n\n\n\n<ul class=\"wp-block-list\">\n<li>Votre entra\u00eenement<\/li>\n\n\n\n<li>Votre nutrition<\/li>\n\n\n\n<li>Votre mat\u00e9riel<\/li>\n\n\n\n<li>&#8230; Et VOUS !<\/li>\n<\/ul>\n\n\n\n<div class=\"wp-block-columns is-layout-flex wp-container-core-columns-is-layout-9d6595d7 wp-block-columns-is-layout-flex wpbbe-4\">\n<div class=\"wp-block-column is-layout-flow wp-block-column-is-layout-flow wpbbe-2\" style=\"flex-basis:33.33%\">\n<figure data-aos-easing=\"linear\" data-aos=\"fade-in\" class=\"wp-block-image size-large wpbbe-1\"><a href=\"https:\/\/www.monobjectifvelo.com\/wp-content\/uploads\/2025\/09\/volodalen_e-learning_bike-fitting_niv1_poster_page-0001.jpg\"><img decoding=\"async\" width=\"724\" height=\"1024\" src=\"https:\/\/www.monobjectifvelo.com\/wp-content\/uploads\/2025\/09\/volodalen_e-learning_bike-fitting_niv1_poster_page-0001-724x1024.jpg\" alt=\"\" class=\"wp-image-20221\" srcset=\"https:\/\/www.monobjectifvelo.com\/wp-content\/uploads\/2025\/09\/volodalen_e-learning_bike-fitting_niv1_poster_page-0001-724x1024.jpg 724w, https:\/\/www.monobjectifvelo.com\/wp-content\/uploads\/2025\/09\/volodalen_e-learning_bike-fitting_niv1_poster_page-0001-600x849.jpg 600w, https:\/\/www.monobjectifvelo.com\/wp-content\/uploads\/2025\/09\/volodalen_e-learning_bike-fitting_niv1_poster_page-0001-212x300.jpg 212w, https:\/\/www.monobjectifvelo.com\/wp-content\/uploads\/2025\/09\/volodalen_e-learning_bike-fitting_niv1_poster_page-0001-768x1086.jpg 768w, https:\/\/www.monobjectifvelo.com\/wp-content\/uploads\/2025\/09\/volodalen_e-learning_bike-fitting_niv1_poster_page-0001-1086x1536.jpg 1086w, https:\/\/www.monobjectifvelo.com\/wp-content\/uploads\/2025\/09\/volodalen_e-learning_bike-fitting_niv1_poster_page-0001-1448x2048.jpg 1448w, https:\/\/www.monobjectifvelo.com\/wp-content\/uploads\/2025\/09\/volodalen_e-learning_bike-fitting_niv1_poster_page-0001.jpg 1754w\" sizes=\"(max-width: 724px) 100vw, 724px\" \/><\/a><\/figure>\n<\/div>\n\n\n\n<div class=\"wp-block-column is-layout-flow wp-block-column-is-layout-flow wpbbe-3\" style=\"flex-basis:66.66%\">\n<p>Votre motricit\u00e9 naturelle va d\u00e9terminer votre position sur le v\u00e9lo pour une efficacit\u00e9 optimale et retrouver le sourire.<\/p>\n\n\n\n<p>Souvent les BikeFitters traditionnelles vont se baser sur la science de l&rsquo;a\u00e9rodynamisme et\/ou sur un savant logiciel. Cela peut causer de l&rsquo;inconfort, des douleurs, des blessures. On va d&rsquo;ailleurs vous demander de vous y habituer. Tout cela est la cause d&rsquo;un mauvais respect de vous-m\u00eame.<\/p>\n\n\n\n<p>Apr\u00e8s l&rsquo;interrogation de votre syst\u00e8me nerveux, de vos mouvements, nous allons adapter votre position sur le v\u00e9lo en respectant la \u00ab\u00a0Pyramide de la Performance\u00a0\u00bb(c) by Volodalen.<\/p>\n\n\n\n<p>A partir de vos Pr\u00e9f\u00e9rences Motrices Naturelles, vous trouverez une position qui optimisera chaque coup de p\u00e9dale.<\/p>\n\n\n\n<p>Dans un second temps, nous pourrons apporter une touche plus a\u00e9rodynamique.<\/p>\n\n\n\n<p>Pour le BikeFitting par les Pr\u00e9f\u00e9rences, je ne mets pas en avant le marketing mat\u00e9riel et plut\u00f4t une qualit\u00e9 premi\u00e8re : l&rsquo;observation de vos mouvements. <\/p>\n\n\n\n<p>Pour frimer, vous serez film\u00e9 en 2D et l&rsquo;\u00e9tude se fera \u00e0 partir d&rsquo;un logiciel ultra sophistiqu\u00e9. Mais attention, vous ne serez pas observ\u00e9 que d&rsquo;un c\u00f4t\u00e9&#8230; Et \u00e0 travers les Pr\u00e9f&rsquo;, je vous expliquerai pourquoi.<\/p>\n<\/div>\n<\/div>\n\n\n\n<figure data-aos-easing=\"linear\" data-aos=\"slide-down\" class=\"wp-block-image size-full has-custom-border wpbbe-5\"><a href=\"https:\/\/www.monobjectifvelo.com\/wp-content\/uploads\/2025\/09\/IMG_0299-scaled.jpg\"><img decoding=\"async\" width=\"2560\" height=\"1920\" src=\"https:\/\/www.monobjectifvelo.com\/wp-content\/uploads\/2025\/09\/IMG_0299-scaled.jpg\" alt=\"\" class=\"wp-image-20228\" style=\"border-radius:18px;aspect-ratio:16\/9;object-fit:cover\" srcset=\"https:\/\/www.monobjectifvelo.com\/wp-content\/uploads\/2025\/09\/IMG_0299-scaled.jpg 2560w, https:\/\/www.monobjectifvelo.com\/wp-content\/uploads\/2025\/09\/IMG_0299-scaled-600x450.jpg 600w, https:\/\/www.monobjectifvelo.com\/wp-content\/uploads\/2025\/09\/IMG_0299-300x225.jpg 300w, https:\/\/www.monobjectifvelo.com\/wp-content\/uploads\/2025\/09\/IMG_0299-1024x768.jpg 1024w, https:\/\/www.monobjectifvelo.com\/wp-content\/uploads\/2025\/09\/IMG_0299-768x576.jpg 768w, https:\/\/www.monobjectifvelo.com\/wp-content\/uploads\/2025\/09\/IMG_0299-1536x1152.jpg 1536w, https:\/\/www.monobjectifvelo.com\/wp-content\/uploads\/2025\/09\/IMG_0299-2048x1536.jpg 2048w\" sizes=\"(max-width: 2560px) 100vw, 2560px\" \/><\/a><\/figure>\n\n\n\n<p>Et pour la petite histoire, je co-anime les formations en Bike-Fitting par les Pr\u00e9f\u00e9rences de Volodalen. Des formations nationales qui attirent et satisfassent de nombreux futurs bikefitteurs podologues ou autres.<\/p>\n\n\n\n<p>Avant de commander un rendez-vous, discutons d&rsquo;abord de votre projet Bike-Fit et d\u00e9terminons ensemble d&rsquo;un cr\u00e9neau.<\/p>\n\n\n\n<div class=\"wp-block-contact-form-7-contact-form-selector\">\n<div class=\"wpcf7 no-js\" id=\"wpcf7-f2057-o1\" lang=\"fr-FR\" dir=\"ltr\" data-wpcf7-id=\"2057\">\n<div class=\"screen-reader-response\"><p role=\"status\" aria-live=\"polite\" aria-atomic=\"true\"><\/p> <ul><\/ul><\/div>\n<form action=\"\/index.php?rest_route=%2Fwp%2Fv2%2Fpages%2F20159#wpcf7-f2057-o1\" method=\"post\" class=\"wpcf7-form init\" aria-label=\"Formulaire de contact\" novalidate=\"novalidate\" data-status=\"init\">\n<fieldset class=\"hidden-fields-container\"><input type=\"hidden\" name=\"_wpcf7\" value=\"2057\" \/><input type=\"hidden\" name=\"_wpcf7_version\" value=\"6.1.5\" \/><input type=\"hidden\" name=\"_wpcf7_locale\" value=\"fr_FR\" \/><input type=\"hidden\" name=\"_wpcf7_unit_tag\" value=\"wpcf7-f2057-o1\" \/><input type=\"hidden\" name=\"_wpcf7_container_post\" value=\"0\" \/><input type=\"hidden\" name=\"_wpcf7_posted_data_hash\" value=\"\" \/>\n<\/fieldset>\n<p><label> Votre Nom Pr\u00e9nom (required)<br \/>\n<span class=\"wpcf7-form-control-wrap\" data-name=\"your-name\"><input size=\"40\" maxlength=\"400\" class=\"wpcf7-form-control wpcf7-text wpcf7-validates-as-required\" aria-required=\"true\" aria-invalid=\"false\" value=\"\" type=\"text\" name=\"your-name\" \/><\/span> <\/label>\n<\/p>\n<p><label> Votre Meilleur Email (required)<br \/>\n<span class=\"wpcf7-form-control-wrap\" data-name=\"your-email\"><input size=\"40\" maxlength=\"400\" class=\"wpcf7-form-control wpcf7-email wpcf7-validates-as-required wpcf7-text wpcf7-validates-as-email\" aria-required=\"true\" aria-invalid=\"false\" value=\"\" type=\"email\" name=\"your-email\" \/><\/span> <\/label>\n<\/p>\n<p><label> De quoi allons nous partager ?<br \/>\n<span class=\"wpcf7-form-control-wrap\" data-name=\"select-933\"><select class=\"wpcf7-form-control wpcf7-select\" aria-invalid=\"false\" name=\"select-933\"><option value=\"Exp\u00e9rience Studio\">Exp\u00e9rience Studio<\/option><option value=\"Exp\u00e9rience OnLine\">Exp\u00e9rience OnLine<\/option><option value=\"Exp\u00e9rience Coaching\">Exp\u00e9rience Coaching<\/option><option value=\"Bike Fitting\">Bike Fitting<\/option><option value=\"Evaluation Sportive\">Evaluation Sportive<\/option><option value=\"Autre(s)\">Autre(s)<\/option><\/select><\/span> <\/label>\n<\/p>\n<p><label> Votre message<br \/>\n<span class=\"wpcf7-form-control-wrap\" data-name=\"your-message\"><textarea cols=\"40\" rows=\"10\" maxlength=\"2000\" class=\"wpcf7-form-control wpcf7-textarea\" aria-invalid=\"false\" name=\"your-message\"><\/textarea><\/span> <\/label>\n<\/p>\n<p><input class=\"wpcf7-form-control wpcf7-submit has-spinner\" type=\"submit\" value=\"Envoyer\" \/>\n<\/p><div class=\"wpcf7-response-output\" aria-hidden=\"true\"><\/div>\n<\/form>\n<\/div>\n<\/div>\n","protected":false},"excerpt":{"rendered":"<p>Votre performance sur le v\u00e9lo est la r\u00e9sultante de plusieurs facteurs : Votre motricit\u00e9 naturelle va d\u00e9terminer votre position sur le v\u00e9lo pour une efficacit\u00e9 optimale et retrouver le sourire. Souvent les BikeFitters traditionnelles vont se baser sur la science de l&rsquo;a\u00e9rodynamisme et\/ou sur un savant logiciel. Cela peut causer de l&rsquo;inconfort, des douleurs, des [&hellip;]<\/p>\n","protected":false},"author":85,"featured_media":0,"parent":0,"menu_order":0,"comment_status":"closed","ping_status":"closed","template":"","meta":{"footnotes":""},"class_list":["post-20159","page","type-page","status-publish","hentry"],"_links":{"self":[{"href":"https:\/\/www.monobjectifvelo.com\/index.php?rest_route=\/wp\/v2\/pages\/20159","targetHints":{"allow":["GET"]}}],"collection":[{"href":"https:\/\/www.monobjectifvelo.com\/index.php?rest_route=\/wp\/v2\/pages"}],"about":[{"href":"https:\/\/www.monobjectifvelo.com\/index.php?rest_route=\/wp\/v2\/types\/page"}],"author":[{"embeddable":true,"href":"https:\/\/www.monobjectifvelo.com\/index.php?rest_route=\/wp\/v2\/users\/85"}],"replies":[{"embeddable":true,"href":"https:\/\/www.monobjectifvelo.com\/index.php?rest_route=%2Fwp%2Fv2%2Fcomments&post=20159"}],"version-history":[{"count":19,"href":"https:\/\/www.monobjectifvelo.com\/index.php?rest_route=\/wp\/v2\/pages\/20159\/revisions"}],"predecessor-version":[{"id":20385,"href":"https:\/\/www.monobjectifvelo.com\/index.php?rest_route=\/wp\/v2\/pages\/20159\/revisions\/20385"}],"wp:attachment":[{"href":"https:\/\/www.monobjectifvelo.com\/index.php?rest_route=%2Fwp%2Fv2%2Fmedia&parent=20159"}],"curies":[{"name":"wp","href":"https:\/\/api.w.org\/{rel}","templated":true}]}}