{"id":19724,"date":"2024-12-08T20:03:41","date_gmt":"2024-12-08T19:03:41","guid":{"rendered":"https:\/\/www.monobjectifvelo.com\/?page_id=19724"},"modified":"2025-10-28T14:46:05","modified_gmt":"2025-10-28T13:46:05","slug":"seances-en-ligne","status":"publish","type":"page","link":"https:\/\/www.monobjectifvelo.com\/?page_id=19724","title":{"rendered":"S\u00e9ances en Ligne"},"content":{"rendered":"\n<h3 class=\"wp-block-heading has-text-align-center has-foreground-color has-text-color has-link-color has-inter-font-family wp-elements-2b9702aa7986b2e8e5e8607c2fc2e14b\">Essayez gratuitement pendant 14 jours<\/h3>\n\n\n\n\n\n\n<div class=\"wp-block-buttons is-content-justification-center is-layout-flex wp-container-core-buttons-is-layout-16018d1d wp-block-buttons-is-layout-flex\">\n<div class=\"wp-block-button\"><a class=\"wp-block-button__link has-text-align-center wp-element-button\" href=\"https:\/\/app.vqvelocity.com\/join?s=g9afwh\" target=\"_blank\" rel=\"noreferrer noopener\">Je rejoins l&rsquo;App OnLine<\/a><\/div>\n<\/div>\n\n\n\n<p class=\"has-text-align-center has-foreground-color has-text-color has-link-color wp-elements-f3236aaef8db918e2daf740d6835c8a1\">Attention, les s\u00e9ances Live du midi sont indiqu\u00e9es \u00e0 12h15. Elles commencent \u00e0 12h20.<\/p>\n\n\n\n<p class=\"has-text-align-center has-foreground-color has-text-color has-link-color wp-elements-6b6a8d2f13d91f70188653ede7c49ef4\">Et pour voir le LIVE, quand vous \u00eates dans l&rsquo;onglet VOD, cliquez sur le logo de monojectifvelo.com <\/p>\n\n\n\n<p class=\"has-text-align-center has-foreground-color has-text-color has-link-color wp-elements-52337da6f047486c1ed6b7c413eb1dee\">La p\u00e9riode d&rsquo;essai est termin\u00e9e ?<\/p>\n\n\n\n<div class=\"wp-block-buttons is-content-justification-center is-layout-flex wp-container-core-buttons-is-layout-16018d1d wp-block-buttons-is-layout-flex\">\n<div class=\"wp-block-button\"><a class=\"wp-block-button__link wp-element-button\" href=\"#abonnement\">Je m&rsquo;abonne <\/a><\/div>\n<\/div>\n\n\n\n<h2 class=\"wp-block-heading has-foreground-color has-text-color has-link-color has-inter-font-family wp-elements-a955dbaf45a3536b6aecf0b0ef4dfe1d\">Vivez l&rsquo;exp\u00e9rience Studio de chez vous, et quand vous voulez<\/h2>\n\n\n\n<p class=\"has-foreground-color has-text-color has-link-color wp-elements-3e5c466a0ebe842fef8361d74363142c\">Vous souhaitez atteindre votre plein potentiel g\u00e9n\u00e9tique ? Vous ne pouvez pas venir au Studio ? Alors profitez des s\u00e9ances de chez vous. Et je vais vous en dire plus.<\/p>\n\n\n\n<p class=\"has-foreground-color has-text-color has-link-color wp-elements-b6e0e4496c5c87c41bba0d0014608ebe\">Sans entrer dans le d\u00e9tails de l&rsquo;entra\u00eenement, le home-trainer est un des outils importants pour progresser. Et aujourd&rsquo;hui, je peux prendre en charge vos home-trainer connect\u00e9s. Vous n&rsquo;en avez pas ? Ce n&rsquo;est pas g\u00eanant, entra\u00eenez vous avec l&rsquo;\u00e9chelle de Borg de 1 \u00e0 10 (de tr\u00e8s cool \u00e0 intol\u00e9rable).<\/p>\n\n\n\n<h2 class=\"wp-block-heading has-foreground-color has-text-color has-link-color has-inter-font-family wp-elements-a53f7d34457261e76398e784cfeedf35\">Bienvenue sur l&rsquo;App de monobjectifvelo.com<\/h2>\n\n\n\n<div class=\"wp-block-columns is-layout-flex wp-container-core-columns-is-layout-9d6595d7 wp-block-columns-is-layout-flex wpbbe-2\">\n<div class=\"wp-block-column is-layout-flow wp-block-column-is-layout-flow\"><div class=\"wp-block-image wp-duotone-unset-1\">\n<figure data-aos-easing=\"linear\" data-aos=\"fade-in\" class=\"aligncenter size-large is-resized wpbbe-1\"><a href=\"https:\/\/www.monobjectifvelo.com\/wp-content\/uploads\/2025\/10\/251028_pub-seance-scaled.png\"><img fetchpriority=\"high\" decoding=\"async\" width=\"1024\" height=\"576\" src=\"https:\/\/www.monobjectifvelo.com\/wp-content\/uploads\/2025\/10\/251028_pub-seance-1024x576.png\" alt=\"\" class=\"wp-image-20397\" style=\"width:619px;height:auto\" srcset=\"https:\/\/www.monobjectifvelo.com\/wp-content\/uploads\/2025\/10\/251028_pub-seance-1024x576.png 1024w, https:\/\/www.monobjectifvelo.com\/wp-content\/uploads\/2025\/10\/251028_pub-seance-scaled-600x337.png 600w, https:\/\/www.monobjectifvelo.com\/wp-content\/uploads\/2025\/10\/251028_pub-seance-300x169.png 300w, https:\/\/www.monobjectifvelo.com\/wp-content\/uploads\/2025\/10\/251028_pub-seance-768x432.png 768w, https:\/\/www.monobjectifvelo.com\/wp-content\/uploads\/2025\/10\/251028_pub-seance-1536x863.png 1536w, https:\/\/www.monobjectifvelo.com\/wp-content\/uploads\/2025\/10\/251028_pub-seance-2048x1151.png 2048w\" sizes=\"(max-width: 1024px) 100vw, 1024px\" \/><\/a><\/figure>\n<\/div><\/div>\n\n\n\n<div class=\"wp-block-column is-layout-flow wp-block-column-is-layout-flow\">\n<p>Nous sommes ravis de vous compter parmi notre communaut\u00e9 cycliste en ligne o\u00f9 vous b\u00e9n\u00e9ficierez d&rsquo;un coaching cycliste en temps r\u00e9el, d\u00e9velopperez des comp\u00e9tences cyclistes concr\u00e8tes et p\u00e9dalerez avec d&rsquo;autres athl\u00e8tes.<\/p>\n\n\n\n<p>L&rsquo;App est accessible via un navigateur Chrome (Mac et PC), sauf si vous utilisez un iPad sur lequel vous souhaiterez installer l&rsquo;application \u00ab Velocity Cycling \u00bb depuis l&rsquo;App Store d&rsquo;Apple.<\/p>\n<\/div>\n<\/div>\n\n\n\n<h2 class=\"wp-block-heading has-foreground-color has-text-color has-link-color has-inter-font-family wp-elements-ebccb4f586e2e39c33dd15e5500a39ad\">Connectez vos appareils<\/h2>\n\n\n\n<div class=\"wp-block-columns is-layout-flex wp-container-core-columns-is-layout-9d6595d7 wp-block-columns-is-layout-flex wpbbe-3\">\n<div class=\"wp-block-column has-foreground-color has-text-color has-link-color wp-elements-8f299f947f887bfa497677cfd26f40bc is-layout-flow wp-block-column-is-layout-flow\">\n<figure class=\"wp-block-image size-large is-resized\"><a href=\"https:\/\/www.monobjectifvelo.com\/wp-content\/uploads\/2024\/12\/unnamed.png\"><img decoding=\"async\" width=\"1024\" height=\"745\" src=\"https:\/\/www.monobjectifvelo.com\/wp-content\/uploads\/2024\/12\/unnamed-1024x745.png\" alt=\"\" class=\"wp-image-19726\" style=\"width:590px;height:auto\" srcset=\"https:\/\/www.monobjectifvelo.com\/wp-content\/uploads\/2024\/12\/unnamed-1024x745.png 1024w, https:\/\/www.monobjectifvelo.com\/wp-content\/uploads\/2024\/12\/unnamed-600x436.png 600w, https:\/\/www.monobjectifvelo.com\/wp-content\/uploads\/2024\/12\/unnamed-300x218.png 300w, https:\/\/www.monobjectifvelo.com\/wp-content\/uploads\/2024\/12\/unnamed-768x559.png 768w, https:\/\/www.monobjectifvelo.com\/wp-content\/uploads\/2024\/12\/unnamed-1536x1117.png 1536w, https:\/\/www.monobjectifvelo.com\/wp-content\/uploads\/2024\/12\/unnamed.png 1732w\" sizes=\"(max-width: 1024px) 100vw, 1024px\" \/><\/a><\/figure>\n<\/div>\n\n\n\n<div class=\"wp-block-column has-foreground-color has-text-color has-link-color wp-elements-94b1c5784c9cfe468b5c0b62da5da707 is-layout-flow wp-block-column-is-layout-flow\">\n<p>Assurez-vous de regarder la vid\u00e9o de connexion de l\u2019appareil qui s\u2019affiche avec l\u2019\u00e9cran de connexion de l\u2019appareil.<\/p>\n\n\n\n<ol class=\"wp-block-list\">\n<li>Assurez-vous que vous \u00eates dans un navigateur Chrome ou une application iOS<\/li>\n\n\n\n<li>Un t\u00e9l\u00e9phone n&rsquo;est PAS recommand\u00e9 pour les s\u00e9ances d&rsquo;entra\u00eenement \u00e0 v\u00e9lo (pas de Live sur un t\u00e9l\u00e9phone)<\/li>\n\n\n\n<li>Le Bluetooth est une connexion 1:1, assurez-vous donc que vous n&rsquo;\u00eates connect\u00e9 \u00e0 aucun autre appareil (unit\u00e9 principale, montre, t\u00e9l\u00e9phone, Zwift, application Wahoo, etc.)<\/li>\n<\/ol>\n<\/div>\n<\/div>\n\n\n\n<h2 class=\"wp-block-heading has-foreground-color has-text-color has-link-color has-inter-font-family wp-elements-024799fa2690840a9c44c133e8c27774\">Entra\u00eenez vous avec vos amis<\/h2>\n\n\n\n<div class=\"wp-block-columns is-layout-flex wp-container-core-columns-is-layout-9d6595d7 wp-block-columns-is-layout-flex wpbbe-4\">\n<div class=\"wp-block-column is-layout-flow wp-block-column-is-layout-flow\">\n<figure class=\"wp-block-image size-full is-resized\"><a href=\"https:\/\/www.monobjectifvelo.com\/wp-content\/uploads\/2024\/12\/image.png\"><img decoding=\"async\" width=\"660\" height=\"88\" src=\"https:\/\/www.monobjectifvelo.com\/wp-content\/uploads\/2024\/12\/image.png\" alt=\"\" class=\"wp-image-19727\" style=\"width:601px;height:auto\" srcset=\"https:\/\/www.monobjectifvelo.com\/wp-content\/uploads\/2024\/12\/image.png 660w, https:\/\/www.monobjectifvelo.com\/wp-content\/uploads\/2024\/12\/image-600x80.png 600w, https:\/\/www.monobjectifvelo.com\/wp-content\/uploads\/2024\/12\/image-300x40.png 300w\" sizes=\"(max-width: 660px) 100vw, 660px\" \/><\/a><\/figure>\n\n\n\n<figure class=\"wp-block-image size-large is-resized\"><a href=\"https:\/\/www.monobjectifvelo.com\/wp-content\/uploads\/2024\/12\/image-1.png\"><img loading=\"lazy\" decoding=\"async\" width=\"1024\" height=\"834\" src=\"https:\/\/www.monobjectifvelo.com\/wp-content\/uploads\/2024\/12\/image-1-1024x834.png\" alt=\"\" class=\"wp-image-19728\" style=\"width:599px;height:auto\" srcset=\"https:\/\/www.monobjectifvelo.com\/wp-content\/uploads\/2024\/12\/image-1-1024x834.png 1024w, https:\/\/www.monobjectifvelo.com\/wp-content\/uploads\/2024\/12\/image-1-600x489.png 600w, https:\/\/www.monobjectifvelo.com\/wp-content\/uploads\/2024\/12\/image-1-300x244.png 300w, https:\/\/www.monobjectifvelo.com\/wp-content\/uploads\/2024\/12\/image-1-768x625.png 768w, https:\/\/www.monobjectifvelo.com\/wp-content\/uploads\/2024\/12\/image-1.png 1142w\" sizes=\"(max-width: 1024px) 100vw, 1024px\" \/><\/a><\/figure>\n<\/div>\n\n\n\n<div class=\"wp-block-column has-foreground-color has-text-color has-link-color wp-elements-1c32937ee7a5c9472cc55928d49aadd6 is-layout-flow wp-block-column-is-layout-flow\">\n<p>L&rsquo;App monobjectifvelo est con\u00e7ue pour \u00eatre social afin que vous puissiez vous entra\u00eener avec des amis et, en tant que coach, je peux permettre \u00e0 votre communaut\u00e9 d&rsquo;athl\u00e8tes de devenir plus forte et plus connect\u00e9e.<\/p>\n\n\n\n<p>Vous et vos athl\u00e8tes pouvez \u00e9galement vous connecter directement \u00e0 Strava, pour des t\u00e9l\u00e9chargements automatiques de r\u00e9sum\u00e9s d&rsquo;entra\u00eenement. Ou alors r\u00e9cup\u00e9rer le fichier .fit tout simplement.<\/p>\n\n\n\n<p>Dans le coin sup\u00e9rieur droit de l&rsquo;\u00e9cran d&rsquo;entra\u00eenement, vous verrez une ic\u00f4ne repr\u00e9sentant des personnes avec un petit carr\u00e9 bleu (indiquant le nombre de personnes dans le cours). Lorsque vous cliquez dessus, une liste des athl\u00e8tes du cours avec leurs vid\u00e9os s&rsquo;affiche et vous pouvez choisir de rouler avec eux.<\/p>\n<\/div>\n<\/div>\n\n\n\n<h2 class=\"wp-block-heading has-foreground-color has-text-color has-link-color has-inter-font-family wp-elements-aa8943bfcc5c66c831aa51c56bcbb171\">3 modes de fonctionnement<\/h2>\n\n\n\n<div class=\"wp-block-columns has-foreground-color has-text-color has-link-color wp-elements-785c5a9fb1854e1fe164c12e246cd55a is-layout-flex wp-container-core-columns-is-layout-9d6595d7 wp-block-columns-is-layout-flex wpbbe-5\">\n<div class=\"wp-block-column is-layout-flow wp-block-column-is-layout-flow\">\n<h4 class=\"wp-block-heading has-text-align-center has-inter-font-family\">Le Live<\/h4>\n\n\n\n<p>Commencez \u00e0 une heure pr\u00e9cise, je suis en direct, les athl\u00e8tes sont en direct et le classement est en direct.<\/p>\n<\/div>\n\n\n\n<div class=\"wp-block-column is-layout-flow wp-block-column-is-layout-flow\">\n<h4 class=\"wp-block-heading has-text-align-center has-inter-font-family\">Le replay<\/h4>\n\n\n\n<p>Commencez \u00e0 une heure pr\u00e9cise, les athl\u00e8tes sont en direct, le classement est en direct. vous suivez une vid\u00e9o de mon coaching pr\u00e9c\u00e9demment enregistr\u00e9e. Une excellente occasion de rouler en direct avec des amis.<\/p>\n<\/div>\n\n\n\n<div class=\"wp-block-column is-layout-flow wp-block-column-is-layout-flow\">\n<h4 class=\"wp-block-heading has-text-align-center has-inter-font-family\">Le V.O.D.<\/h4>\n\n\n\n<p>Vous pouvez \u00e0 tout moment suivre l&rsquo;entra\u00eenements qui vous convient et voir comment vous vous en sortez par rapport \u00e0 un classement de tous les temps (ou l&rsquo;ignorer compl\u00e8tement !)<\/p>\n<\/div>\n<\/div>\n\n\n\n<p class=\"has-foreground-color has-text-color has-link-color wp-elements-300aa3425637f43adffd7db72fa1dbcd\">Et des tutos \u00e0 venir : <\/p>\n\n\n\n<div class=\"wp-block-buttons has-background-background-color has-background is-content-justification-center is-layout-flex wp-container-core-buttons-is-layout-16018d1d wp-block-buttons-is-layout-flex\">\n<div class=\"wp-block-button\"><a class=\"wp-block-button__link has-vivid-cyan-blue-background-color has-background wp-element-button\" href=\"https:\/\/www.monobjectifvelo.com\/category\/app-online\/\">Les tutos OnLine<\/a><\/div>\n<\/div>\n\n\n\n<p class=\"has-foreground-color has-text-color has-link-color has-inter-font-family has-x-large-font-size wp-elements-ed1057bb48f4ad466bed33df490f3455\">Acc\u00e8s mensuel<\/p>\n\n\n\n<p class=\"has-foreground-color has-text-color has-link-color wp-elements-9b0107495fc056551ab7621eca3a514e\">Vouloir progresser pour atteindre son plein potentiel g\u00e9n\u00e9tique demande de l&rsquo;engagement. Cet abonnement mensuel et renouvelable va vous aider \u00e0 vous entra\u00eener chaque jour, chaque semaine.<\/p>\n\n\n\n<p class=\"has-foreground-color has-text-color has-link-color wp-elements-76cd85fe2074aa0e4c5588f55333b352\">Alors plus d&rsquo;excuse ! Go vers votre progression.<\/p>\n\n\n\n<div data-block-name=\"woocommerce\/single-product\" data-product-id=\"19967\" data-wp-context=\"{&quot;productId&quot;:19967,&quot;variationId&quot;:null}\" data-wp-interactive=\"woocommerce\/single-product\" class=\"wp-block-woocommerce-single-product woocommerce\">\n<div class=\"wp-block-columns is-layout-flex wp-container-core-columns-is-layout-9d6595d7 wp-block-columns-is-layout-flex wpbbe-6\">\n<div class=\"wp-block-column is-layout-flow wp-block-column-is-layout-flow\"><div data-block-name=\"woocommerce\/product-image\" data-is-descendent-of-single-product-block=\"true\" data-show-sale-badge=\"false\" class=\"wc-block-components-product-image wc-block-grid__product-image wc-block-components-product-image--aspect-ratio-auto wp-block-woocommerce-product-image\"><a href=\"https:\/\/www.monobjectifvelo.com\/?product=acces-30j-a-lapp-online\" style=\"\" data-wp-on--click=\"woocommerce\/product-collection::actions.viewProduct\"><img loading=\"lazy\" decoding=\"async\" width=\"600\" height=\"600\" src=\"https:\/\/www.monobjectifvelo.com\/wp-content\/uploads\/2025\/04\/250418_produit_acces_online-600x600.png\" class=\"attachment-woocommerce_single size-woocommerce_single\" alt=\"Acc\u00e8s 30j \u00e0 l&#039;App OnLine\" data-testid=\"product-image\" data-image-id=\"19968\" style=\"object-fit:cover;\" loading=\"lazy\" srcset=\"https:\/\/www.monobjectifvelo.com\/wp-content\/uploads\/2025\/04\/250418_produit_acces_online-600x600.png 600w, https:\/\/www.monobjectifvelo.com\/wp-content\/uploads\/2025\/04\/250418_produit_acces_online-300x300.png 300w, https:\/\/www.monobjectifvelo.com\/wp-content\/uploads\/2025\/04\/250418_produit_acces_online-100x100.png 100w, https:\/\/www.monobjectifvelo.com\/wp-content\/uploads\/2025\/04\/250418_produit_acces_online-150x150.png 150w, https:\/\/www.monobjectifvelo.com\/wp-content\/uploads\/2025\/04\/250418_produit_acces_online-768x768.png 768w, https:\/\/www.monobjectifvelo.com\/wp-content\/uploads\/2025\/04\/250418_produit_acces_online.png 945w\" sizes=\"auto, (max-width: 600px) 100vw, 600px\" \/><div class=\"wc-block-components-product-image__inner-container\"><\/div><\/a><\/div><\/div>\n\n\n\n<div class=\"wp-block-column is-layout-flow wp-block-column-is-layout-flow\"><h2 class=\"wp-block-post-title\"><a href=\"https:\/\/www.monobjectifvelo.com\/?product=acces-30j-a-lapp-online\" target=\"_self\" >Acc\u00e8s 30j \u00e0 l&rsquo;App OnLine<\/a><\/h2>\n\n\n\n<div data-block-name=\"woocommerce\/product-price\" data-is-descendent-of-single-product-block=\"true\" class=\"wp-block-woocommerce-product-price\" ><div class=\"wc-block-components-product-price wc-block-grid__product-price\" >\n\t\t\t\t\t<span class=\"woocommerce-Price-amount amount\"><bdi>29,00<span class=\"woocommerce-Price-currencySymbol\">&euro;<\/span><\/bdi><\/span>\n\t\t\t\t<\/div><\/div>\n\n\n\n<div data-block-name=\"woocommerce\/add-to-cart-form\" class=\"wp-block-add-to-cart-form wc-block-add-to-cart-form wc-block-add-to-cart-form--input wp-block-woocommerce-add-to-cart-form\" >\n\t\n\t<form class=\"cart\" action=\"https:\/\/www.monobjectifvelo.com\/?product=acces-30j-a-lapp-online\" method=\"post\" enctype='multipart\/form-data'>\n\t\t\n\t\t<div class=\"quantity\">\n\t\t<label class=\"screen-reader-text\" for=\"quantity_69eb14be20a44\">quantit\u00e9 de Acc\u00e8s 30j \u00e0 l&#039;App OnLine<\/label>\n\t<input\n\t\ttype=\"number\"\n\t\t\t\tid=\"quantity_69eb14be20a44\"\n\t\tclass=\"input-text qty text\"\n\t\tname=\"quantity\"\n\t\tvalue=\"1\"\n\t\taria-label=\"Quantit\u00e9 de produits\"\n\t\t\t\tmin=\"1\"\n\t\t\t\t\t\t\tstep=\"1\"\n\t\t\tplaceholder=\"\"\n\t\t\tinputmode=\"numeric\"\n\t\t\tautocomplete=\"off\"\n\t\t\t\/>\n\t<\/div>\n\n\t\t<button type=\"submit\" name=\"add-to-cart\" value=\"19967\" class=\"single_add_to_cart_button button alt\">Ajouter au panier<\/button>\n\n\t\t\t<\/form>\n\n\t\n<\/div>\n\n\n<div data-block-name=\"woocommerce\/product-meta\" class=\"wp-block-woocommerce-product-meta\">\n<div class=\"wp-block-group is-nowrap is-layout-flex wp-container-core-group-is-layout-ad2f72ca wp-block-group-is-layout-flex\">\n\n<div class=\"taxonomy-product_cat wp-block-post-terms\"><span class=\"wp-block-post-terms__prefix\">Cat\u00e9gorie\u00a0: <\/span><a href=\"https:\/\/www.monobjectifvelo.com\/?product_cat=apponline\" rel=\"tag\">App OnLine<\/a><\/div>\n\n<\/div>\n<\/div>\n<\/div>\n<\/div>\n<\/div>\n\n\n\n<p>Pour l&rsquo;instant, l&rsquo;App Velocity ne prends pas en charge les abonnements directement, pr\u00e9venez moi et je vous inscris manuellement (sauf la nuit \ud83d\ude09 )<\/p>\n","protected":false},"excerpt":{"rendered":"<p>Essayez gratuitement pendant 14 jours Attention, les s\u00e9ances Live du midi sont indiqu\u00e9es \u00e0 12h15. Elles commencent \u00e0 12h20. Et pour voir le LIVE, quand vous \u00eates dans l&rsquo;onglet VOD, cliquez sur le logo de monojectifvelo.com La p\u00e9riode d&rsquo;essai est termin\u00e9e ? Vivez l&rsquo;exp\u00e9rience Studio de chez vous, et quand vous voulez Vous souhaitez atteindre [&hellip;]<\/p>\n","protected":false},"author":85,"featured_media":0,"parent":0,"menu_order":0,"comment_status":"closed","ping_status":"closed","template":"","meta":{"footnotes":""},"class_list":["post-19724","page","type-page","status-publish","hentry"],"_links":{"self":[{"href":"https:\/\/www.monobjectifvelo.com\/index.php?rest_route=\/wp\/v2\/pages\/19724","targetHints":{"allow":["GET"]}}],"collection":[{"href":"https:\/\/www.monobjectifvelo.com\/index.php?rest_route=\/wp\/v2\/pages"}],"about":[{"href":"https:\/\/www.monobjectifvelo.com\/index.php?rest_route=\/wp\/v2\/types\/page"}],"author":[{"embeddable":true,"href":"https:\/\/www.monobjectifvelo.com\/index.php?rest_route=\/wp\/v2\/users\/85"}],"replies":[{"embeddable":true,"href":"https:\/\/www.monobjectifvelo.com\/index.php?rest_route=%2Fwp%2Fv2%2Fcomments&post=19724"}],"version-history":[{"count":36,"href":"https:\/\/www.monobjectifvelo.com\/index.php?rest_route=\/wp\/v2\/pages\/19724\/revisions"}],"predecessor-version":[{"id":20398,"href":"https:\/\/www.monobjectifvelo.com\/index.php?rest_route=\/wp\/v2\/pages\/19724\/revisions\/20398"}],"wp:attachment":[{"href":"https:\/\/www.monobjectifvelo.com\/index.php?rest_route=%2Fwp%2Fv2%2Fmedia&parent=19724"}],"curies":[{"name":"wp","href":"https:\/\/api.w.org\/{rel}","templated":true}]}}