{"id":18069,"date":"2023-07-23T13:55:31","date_gmt":"2023-07-23T11:55:31","guid":{"rendered":"https:\/\/www.monobjectifvelo.com\/?page_id=18069"},"modified":"2023-08-10T16:22:28","modified_gmt":"2023-08-10T14:22:28","slug":"prepa-physique","status":"publish","type":"page","link":"https:\/\/www.monobjectifvelo.com\/?page_id=18069","title":{"rendered":"PREPA. PHYSIQUE"},"content":{"rendered":"\n\n\n<p>Pour \u00eatre efficace dans votre activit\u00e9 sportive mais aussi dans la vie de tous les jours, il est important de travailler ailleurs que sur le v\u00e9lo.<\/p>\n\n\n\n<p>Je vous propose des s\u00e9ances de pr\u00e9paration physique avec divers objectifs. Et c&rsquo;est accessible avec vos cr\u00e9dits v\u00e9lo !<\/p>\n\n\n\n<h2 class=\"wp-block-heading\">Renfo. PUMP (dur\u00e9e : 1h)<\/h2>\n\n\n\n<p>L&rsquo;objectif de cette s\u00e9ance est de travailler avec des poids \u00ab\u00a0l\u00e9gers\u00a0\u00bb l&rsquo;ensemble des groupes musculaires du corps humain. On va jouer sur un nombre de r\u00e9p\u00e9tions importants.<\/p>\n\n\n\n<p>Pour participer, vous pouvez vous \u00e9quiper d&rsquo;un kit complet que vous trouverez facilement sur internet ou dans les grandes enseignes de sport. Vous pouvez aussi utiliser que des petites alt\u00e8res, des bouteilles d&rsquo;eau&#8230; L&rsquo;id\u00e9al \u00e9tant d&rsquo;avoir, en double, un \u00e9chantillon de poids. Par exemple, j&rsquo;utilise un kit avec une barre l\u00e9g\u00e8re puis des poids de 1,25, 2,5, 5 et 10 Kg (le 10 est vraiment optionnel). Un tapis de sol est conseill\u00e9 pour le travail du Core. Vous pouvez aussi r\u00e9aliser la s\u00e9ance avec des bandes \u00e9lastiques.<\/p>\n\n\n\n<p>La premi\u00e8re s\u00e9ance sert de rep\u00e8re pour d\u00e9couvrir une chor\u00e9graphie originale&#8230; Et rien de trop compliqu\u00e9, la preuve, j&rsquo;arrive \u00e0 le faire ;-).<\/p>\n\n\n\n<h2 class=\"wp-block-heading\">Renfo. CARDIO (Dur\u00e9e : 33&prime;)<\/h2>\n\n\n\n<p>L&rsquo;objectif de cette s\u00e9ance est de travailler uniquement qu&rsquo;au poids du corps pour am\u00e9liorer son cardio et gagner en vitesse.<\/p>\n\n\n\n<p>A travers plusieurs exercices en haute-intensit\u00e9 (HiiT), vous allez monter en fr\u00e9quence cardiaque, vous r\u00e9chauffer et br\u00fbler des calories. Simplement besoin, \u00e9ventuellement, d&rsquo;un tapis de sol pour le travail du Core. Chacun son rythme.<\/p>\n","protected":false},"excerpt":{"rendered":"<p>Pour \u00eatre efficace dans votre activit\u00e9 sportive mais aussi dans la vie de tous les jours, il est important de travailler ailleurs que sur le v\u00e9lo. Je vous propose des s\u00e9ances de pr\u00e9paration physique avec divers objectifs. Et c&rsquo;est accessible avec vos cr\u00e9dits v\u00e9lo ! Renfo. PUMP (dur\u00e9e : 1h) L&rsquo;objectif de cette s\u00e9ance est [&hellip;]<\/p>\n","protected":false},"author":85,"featured_media":0,"parent":0,"menu_order":0,"comment_status":"closed","ping_status":"closed","template":"","meta":{"footnotes":""},"class_list":["post-18069","page","type-page","status-publish","hentry"],"_links":{"self":[{"href":"https:\/\/www.monobjectifvelo.com\/index.php?rest_route=\/wp\/v2\/pages\/18069","targetHints":{"allow":["GET"]}}],"collection":[{"href":"https:\/\/www.monobjectifvelo.com\/index.php?rest_route=\/wp\/v2\/pages"}],"about":[{"href":"https:\/\/www.monobjectifvelo.com\/index.php?rest_route=\/wp\/v2\/types\/page"}],"author":[{"embeddable":true,"href":"https:\/\/www.monobjectifvelo.com\/index.php?rest_route=\/wp\/v2\/users\/85"}],"replies":[{"embeddable":true,"href":"https:\/\/www.monobjectifvelo.com\/index.php?rest_route=%2Fwp%2Fv2%2Fcomments&post=18069"}],"version-history":[{"count":8,"href":"https:\/\/www.monobjectifvelo.com\/index.php?rest_route=\/wp\/v2\/pages\/18069\/revisions"}],"predecessor-version":[{"id":18089,"href":"https:\/\/www.monobjectifvelo.com\/index.php?rest_route=\/wp\/v2\/pages\/18069\/revisions\/18089"}],"wp:attachment":[{"href":"https:\/\/www.monobjectifvelo.com\/index.php?rest_route=%2Fwp%2Fv2%2Fmedia&parent=18069"}],"curies":[{"name":"wp","href":"https:\/\/api.w.org\/{rel}","templated":true}]}}