{"id":17587,"date":"2023-04-03T10:36:19","date_gmt":"2023-04-03T08:36:19","guid":{"rendered":"https:\/\/www.monobjectifvelo.com\/?page_id=17587"},"modified":"2023-04-03T11:05:05","modified_gmt":"2023-04-03T09:05:05","slug":"monevalsport","status":"publish","type":"page","link":"https:\/\/www.monobjectifvelo.com\/?page_id=17587","title":{"rendered":"MonEvalSport"},"content":{"rendered":"\n<figure class=\"wp-block-image size-large\"><a href=\"https:\/\/www.monobjectifvelo.com\/wp-content\/uploads\/2023\/04\/04.jpg\"><img decoding=\"async\" src=\"https:\/\/www.monobjectifvelo.com\/wp-content\/uploads\/2023\/04\/04-1024x498.jpg\" alt=\"\" class=\"wp-image-17591\"\/><\/a><\/figure>\n\n\n\n<h2 class=\"wp-block-heading\">On ne progresse que dans ce que l&rsquo;on mesure<\/h2>\n\n\n\n<p>L&rsquo;objectif d&rsquo;un entra\u00eenement est d&rsquo;atteindre un Objectif. Cela para\u00eet si \u00e9vident. Cet objectif SMART vous fait avancer. Mais avancez-vous dans la bonne direction ? Cet objectif est il si bien choisi ?<\/p>\n\n\n\n<h2 class=\"wp-block-heading\">Bilan de vos qualit\u00e9s<\/h2>\n\n\n\n<p>L&rsquo;\u00eatre humain n&rsquo;est pas \u00ab\u00a0norm\u00e9\u00a0\u00bb. Nous sommes tous diff\u00e9rents. Notre fonctionnement moteur nous est propre. Pour le comprendre, il est important de l&rsquo;analyser. Vous gagnerez en confort, en performance. Vous \u00e9viterez aussi des blessures.<\/p>\n\n\n\n<p>A travers un rendez-vous en pr\u00e9sentiel, nous analyserons vos ressources \u00e9nerg\u00e9tiques, vos morphopr\u00e9f\u00e9rences, vos r\u00e9flexes archa\u00efques, vos Pr\u00e9f\u00e9rences Motrices Naturelles\u00ae.<\/p>\n\n\n\n<p>L&rsquo;analyse se fera par une discussion et par des tests pratiques adapt\u00e9s \u00e0 vos objectifs sant\u00e9 ou sportifs.<\/p>\n\n\n\n<h2 class=\"wp-block-heading\">Prenez contact<\/h2>\n\n\n\n<p>Pour avancer dans vos objectifs, prenez contact : <a href=\"mailto:monobjectifvelo@gmail.com\" target=\"_blank\" rel=\"noreferrer noopener\">monobjectifvelo@gmail.com<\/a><\/p>\n","protected":false},"excerpt":{"rendered":"<p>On ne progresse que dans ce que l&rsquo;on mesure L&rsquo;objectif d&rsquo;un entra\u00eenement est d&rsquo;atteindre un Objectif. Cela para\u00eet si \u00e9vident. Cet objectif SMART vous fait avancer. Mais avancez-vous dans la bonne direction ? Cet objectif est il si bien choisi ? Bilan de vos qualit\u00e9s L&rsquo;\u00eatre humain n&rsquo;est pas \u00ab\u00a0norm\u00e9\u00a0\u00bb. Nous sommes tous diff\u00e9rents. Notre [&hellip;]<\/p>\n","protected":false},"author":85,"featured_media":17591,"parent":0,"menu_order":0,"comment_status":"closed","ping_status":"closed","template":"","meta":{"footnotes":""},"class_list":["post-17587","page","type-page","status-publish","has-post-thumbnail","hentry"],"_links":{"self":[{"href":"https:\/\/www.monobjectifvelo.com\/index.php?rest_route=\/wp\/v2\/pages\/17587","targetHints":{"allow":["GET"]}}],"collection":[{"href":"https:\/\/www.monobjectifvelo.com\/index.php?rest_route=\/wp\/v2\/pages"}],"about":[{"href":"https:\/\/www.monobjectifvelo.com\/index.php?rest_route=\/wp\/v2\/types\/page"}],"author":[{"embeddable":true,"href":"https:\/\/www.monobjectifvelo.com\/index.php?rest_route=\/wp\/v2\/users\/85"}],"replies":[{"embeddable":true,"href":"https:\/\/www.monobjectifvelo.com\/index.php?rest_route=%2Fwp%2Fv2%2Fcomments&post=17587"}],"version-history":[{"count":3,"href":"https:\/\/www.monobjectifvelo.com\/index.php?rest_route=\/wp\/v2\/pages\/17587\/revisions"}],"predecessor-version":[{"id":17594,"href":"https:\/\/www.monobjectifvelo.com\/index.php?rest_route=\/wp\/v2\/pages\/17587\/revisions\/17594"}],"wp:featuredmedia":[{"embeddable":true,"href":"https:\/\/www.monobjectifvelo.com\/index.php?rest_route=\/wp\/v2\/media\/17591"}],"wp:attachment":[{"href":"https:\/\/www.monobjectifvelo.com\/index.php?rest_route=%2Fwp%2Fv2%2Fmedia&parent=17587"}],"curies":[{"name":"wp","href":"https:\/\/api.w.org\/{rel}","templated":true}]}}