{"id":1573,"date":"2017-07-01T16:17:31","date_gmt":"2017-07-01T15:17:31","guid":{"rendered":"http:\/\/www.monobjectifvelo.com\/?page_id=1573"},"modified":"2023-12-08T14:07:16","modified_gmt":"2023-12-08T13:07:16","slug":"coaching-personnalise","status":"publish","type":"page","link":"https:\/\/www.monobjectifvelo.com\/?page_id=1573","title":{"rendered":"Coaching personnalis\u00e9"},"content":{"rendered":"\n<h1 class=\"wp-block-heading\">A chacun son coaching<\/h1>\n\n\n\n<figure class=\"wp-block-image alignwide size-large\"><a href=\"https:\/\/www.monobjectifvelo.com\/wp-content\/uploads\/2023\/10\/bandeau_force.png\"><img fetchpriority=\"high\" decoding=\"async\" width=\"1024\" height=\"112\" src=\"https:\/\/www.monobjectifvelo.com\/wp-content\/uploads\/2023\/10\/bandeau_force-1024x112.png\" alt=\"\" class=\"wp-image-18160\" srcset=\"https:\/\/www.monobjectifvelo.com\/wp-content\/uploads\/2023\/10\/bandeau_force-1024x112.png 1024w, https:\/\/www.monobjectifvelo.com\/wp-content\/uploads\/2023\/10\/bandeau_force-scaled-600x65.png 600w, https:\/\/www.monobjectifvelo.com\/wp-content\/uploads\/2023\/10\/bandeau_force-300x33.png 300w, https:\/\/www.monobjectifvelo.com\/wp-content\/uploads\/2023\/10\/bandeau_force-768x84.png 768w, https:\/\/www.monobjectifvelo.com\/wp-content\/uploads\/2023\/10\/bandeau_force-1536x167.png 1536w, https:\/\/www.monobjectifvelo.com\/wp-content\/uploads\/2023\/10\/bandeau_force-2048x223.png 2048w\" sizes=\"(max-width: 1024px) 100vw, 1024px\" \/><\/a><\/figure>\n\n\n\n<h3 class=\"wp-block-heading\">Vous \u00eates seul et vous recherchez :<\/h3>\n\n\n\n<ul class=\"wp-block-list\">\n<li>de la motivation ?<\/li>\n\n\n\n<li>un plan d&rsquo;entra\u00eenement ?<\/li>\n\n\n\n<li>l&rsquo;atteinte d&rsquo;un objectif ?<\/li>\n\n\n\n<li>du plaisir \u00e0 vous entra\u00eener ?<\/li>\n<\/ul>\n\n\n\n<h3 class=\"wp-block-heading\">Et surtout vous \u00eates :<\/h3>\n\n\n\n<ul class=\"wp-block-list\">\n<li>Vous assumez la responsabilit\u00e9 de vos progr\u00e8s.<\/li>\n\n\n\n<li>Vous \u00eates ouvert d&rsquo;esprit et curieux.<\/li>\n\n\n\n<li>Vous souhaitez continuellement vous am\u00e9liorer.<\/li>\n\n\n\n<li>Vous \u00e9coutez et acceptez les commentaires.<\/li>\n\n\n\n<li>Vous \u00eates humble.<\/li>\n\n\n\n<li>Vous avez une conscience de soi.<\/li>\n\n\n\n<li>Vous \u00eates respectueux des autres.<\/li>\n\n\n\n<li>Vous n&rsquo;avez pas peur d&rsquo;essayer de nouvelles choses.<\/li>\n\n\n\n<li>Vous \u00eates reconnaissant pour l&rsquo;aide.<\/li>\n\n\n\n<li>Vous vous engagez \u00e0 vous am\u00e9liorer.<\/li>\n<\/ul>\n\n\n\n<p>Si c&rsquo;est le cas, alors prends vite contact !<\/p>\n\n\n\n<div class=\"wp-block-buttons is-content-justification-center is-layout-flex wp-container-core-buttons-is-layout-16018d1d wp-block-buttons-is-layout-flex\">\n<div class=\"wp-block-button\"><a class=\"wp-block-button__link has-text-align-center wp-element-button\" href=\"http:\/\/www.monobjectifvelo.com\/coaching-individuel\/\">D\u00e9couvre le coaching individualis\u00e9<\/a><\/div>\n<\/div>\n\n\n\n<h3 class=\"wp-block-heading\">Vous \u00eates un groupe et vous recherchez :<\/h3>\n\n\n\n<ul class=\"wp-block-list\">\n<li>un coaching de groupe ?<\/li>\n\n\n\n<li>une intervention th\u00e9orique personnalis\u00e9 ?<\/li>\n\n\n\n<li>une formation technico-tactique ?<\/li>\n\n\n\n<li>Une information sur les <a href=\"https:\/\/www.monobjectifvelo.com\/2023\/les-rouges-et-les-bleus\/\" data-type=\"link\" data-id=\"https:\/\/www.monobjectifvelo.com\/2023\/les-rouges-et-les-bleus\/\">pr\u00e9f\u00e9rences motrices<\/a> ?<\/li>\n\n\n\n<li>&#8230; ?<\/li>\n<\/ul>\n\n\n\n\n<div class=\"wpcf7 no-js\" id=\"wpcf7-f14588-o1\" lang=\"fr-FR\" dir=\"ltr\" data-wpcf7-id=\"14588\">\n<div class=\"screen-reader-response\"><p role=\"status\" aria-live=\"polite\" aria-atomic=\"true\"><\/p> <ul><\/ul><\/div>\n<form action=\"\/index.php?rest_route=%2Fwp%2Fv2%2Fpages%2F1573#wpcf7-f14588-o1\" method=\"post\" class=\"wpcf7-form init\" aria-label=\"Formulaire de contact\" novalidate=\"novalidate\" data-status=\"init\">\n<fieldset class=\"hidden-fields-container\"><input type=\"hidden\" name=\"_wpcf7\" value=\"14588\" \/><input type=\"hidden\" name=\"_wpcf7_version\" value=\"6.1.5\" \/><input type=\"hidden\" name=\"_wpcf7_locale\" value=\"fr_FR\" \/><input type=\"hidden\" name=\"_wpcf7_unit_tag\" value=\"wpcf7-f14588-o1\" \/><input type=\"hidden\" name=\"_wpcf7_container_post\" value=\"0\" \/><input type=\"hidden\" name=\"_wpcf7_posted_data_hash\" value=\"\" \/>\n<\/fieldset>\n<h2>Comment puis je vous aider ?\n<\/h2>\n<p><label> Votre Nom<br \/>\n<span class=\"wpcf7-form-control-wrap\" data-name=\"your-name\"><input size=\"40\" maxlength=\"400\" class=\"wpcf7-form-control wpcf7-text wpcf7-validates-as-required\" aria-required=\"true\" aria-invalid=\"false\" value=\"\" type=\"text\" name=\"your-name\" \/><\/span> <\/label>\n<\/p>\n<p><label> Votre meilleur email<br \/>\n<span class=\"wpcf7-form-control-wrap\" data-name=\"your-email\"><input size=\"40\" maxlength=\"400\" class=\"wpcf7-form-control wpcf7-email wpcf7-validates-as-required wpcf7-text wpcf7-validates-as-email\" aria-required=\"true\" aria-invalid=\"false\" value=\"\" type=\"email\" name=\"your-email\" \/><\/span> <\/label>\n<\/p>\n<p><label> Objet<br \/>\n<span class=\"wpcf7-form-control-wrap\" data-name=\"your-subject\"><input size=\"40\" maxlength=\"400\" class=\"wpcf7-form-control wpcf7-text wpcf7-validates-as-required\" aria-required=\"true\" aria-invalid=\"false\" value=\"\" type=\"text\" name=\"your-subject\" \/><\/span> <\/label>\n<\/p>\n<p><label> Votre message<br \/>\n<span class=\"wpcf7-form-control-wrap\" data-name=\"your-message\"><textarea cols=\"40\" rows=\"10\" maxlength=\"2000\" class=\"wpcf7-form-control wpcf7-textarea\" aria-invalid=\"false\" name=\"your-message\"><\/textarea><\/span> <\/label>\n<\/p>\n<p><input class=\"wpcf7-form-control wpcf7-submit has-spinner\" type=\"submit\" value=\"Envoyer\" \/>\n<\/p><div class=\"wpcf7-response-output\" aria-hidden=\"true\"><\/div>\n<\/form>\n<\/div>\n\n","protected":false},"excerpt":{"rendered":"<p>A chacun son coaching Vous \u00eates seul et vous recherchez : Et surtout vous \u00eates : Si c&rsquo;est le cas, alors prends vite contact ! Vous \u00eates un groupe et vous recherchez :<\/p>\n","protected":false},"author":1,"featured_media":0,"parent":0,"menu_order":0,"comment_status":"closed","ping_status":"closed","template":"","meta":{"footnotes":""},"class_list":["post-1573","page","type-page","status-publish","hentry"],"_links":{"self":[{"href":"https:\/\/www.monobjectifvelo.com\/index.php?rest_route=\/wp\/v2\/pages\/1573","targetHints":{"allow":["GET"]}}],"collection":[{"href":"https:\/\/www.monobjectifvelo.com\/index.php?rest_route=\/wp\/v2\/pages"}],"about":[{"href":"https:\/\/www.monobjectifvelo.com\/index.php?rest_route=\/wp\/v2\/types\/page"}],"author":[{"embeddable":true,"href":"https:\/\/www.monobjectifvelo.com\/index.php?rest_route=\/wp\/v2\/users\/1"}],"replies":[{"embeddable":true,"href":"https:\/\/www.monobjectifvelo.com\/index.php?rest_route=%2Fwp%2Fv2%2Fcomments&post=1573"}],"version-history":[{"count":18,"href":"https:\/\/www.monobjectifvelo.com\/index.php?rest_route=\/wp\/v2\/pages\/1573\/revisions"}],"predecessor-version":[{"id":18380,"href":"https:\/\/www.monobjectifvelo.com\/index.php?rest_route=\/wp\/v2\/pages\/1573\/revisions\/18380"}],"wp:attachment":[{"href":"https:\/\/www.monobjectifvelo.com\/index.php?rest_route=%2Fwp%2Fv2%2Fmedia&parent=1573"}],"curies":[{"name":"wp","href":"https:\/\/api.w.org\/{rel}","templated":true}]}}