{"id":1511,"date":"2017-06-30T10:22:19","date_gmt":"2017-06-30T09:22:19","guid":{"rendered":"http:\/\/www.monobjectifvelo.com\/?page_id=1511"},"modified":"2022-07-29T16:31:55","modified_gmt":"2022-07-29T14:31:55","slug":"mentions-legales","status":"publish","type":"page","link":"https:\/\/www.monobjectifvelo.com\/?page_id=1511","title":{"rendered":"Mentions l\u00e9gales"},"content":{"rendered":"<h5>Gestion du site internet :<\/h5>\n<p>St\u00e9phane Gourmelon<br \/>\n6, rue Alexandre Dumas<br \/>\n29490 GUIPAVAS<\/p>\n<p>s.gourmelon@monobjectifvelo.com<br \/>\n0661035202<\/p>\n<p>Siren\u00a0: 519 669\u00a0766<br \/>\nSiret\u00a0: 519 669 766 00015<br \/>\nAPE\u00a0: 9319Z Autres activit\u00e9s li\u00e9es au sport<\/p>\n<p>TVA non applicable &#8211; article 293 B du CGI<\/p>\n<p>Carte professionnelle\u00a0: 02901ED0255<\/p>\n<p>CNIL\u00a0: 1993533<\/p>\n<p>Responsable de publication\u00a0: St\u00e9phane Gourmelon<\/p>\n<h5>H\u00e9bergeur du site internet\u00a0:<\/h5>\n<p>OVH<br \/>\nSAS<br \/>\n2, rue Kellermann<br \/>\n59100 ROUBAIX<br \/>\n+33972101007<\/p>\n<h5>Cookies\u00a0:<\/h5>\n<p>Il n\u2019y a pas de collecte de cookies sur votre navigation en g\u00e9n\u00e9ral. Le site ne reconnait votre passage qu\u2019en cas de connexion volontaire\u00a0\u00e0 votre espace-membre. Pour vous d\u00e9sabonner du site, utilisez le lien disponible dans votre dernier email re\u00e7u.<\/p>\n","protected":false},"excerpt":{"rendered":"<p>Gestion du site internet : St\u00e9phane Gourmelon 6, rue Alexandre Dumas 29490 GUIPAVAS s.gourmelon@monobjectifvelo.com 0661035202 Siren\u00a0: 519 669\u00a0766 Siret\u00a0: 519 669 766 00015 APE\u00a0: 9319Z Autres activit\u00e9s li\u00e9es au sport TVA non applicable &#8211; article 293 B du CGI Carte professionnelle\u00a0: 02901ED0255 CNIL\u00a0: 1993533 Responsable de publication\u00a0: St\u00e9phane Gourmelon H\u00e9bergeur du site internet\u00a0: OVH SAS [&hellip;]<\/p>\n","protected":false},"author":1,"featured_media":0,"parent":0,"menu_order":0,"comment_status":"closed","ping_status":"closed","template":"","meta":{"footnotes":""},"class_list":["post-1511","page","type-page","status-publish","hentry"],"_links":{"self":[{"href":"https:\/\/www.monobjectifvelo.com\/index.php?rest_route=\/wp\/v2\/pages\/1511","targetHints":{"allow":["GET"]}}],"collection":[{"href":"https:\/\/www.monobjectifvelo.com\/index.php?rest_route=\/wp\/v2\/pages"}],"about":[{"href":"https:\/\/www.monobjectifvelo.com\/index.php?rest_route=\/wp\/v2\/types\/page"}],"author":[{"embeddable":true,"href":"https:\/\/www.monobjectifvelo.com\/index.php?rest_route=\/wp\/v2\/users\/1"}],"replies":[{"embeddable":true,"href":"https:\/\/www.monobjectifvelo.com\/index.php?rest_route=%2Fwp%2Fv2%2Fcomments&post=1511"}],"version-history":[{"count":1,"href":"https:\/\/www.monobjectifvelo.com\/index.php?rest_route=\/wp\/v2\/pages\/1511\/revisions"}],"predecessor-version":[{"id":1513,"href":"https:\/\/www.monobjectifvelo.com\/index.php?rest_route=\/wp\/v2\/pages\/1511\/revisions\/1513"}],"wp:attachment":[{"href":"https:\/\/www.monobjectifvelo.com\/index.php?rest_route=%2Fwp%2Fv2%2Fmedia&parent=1511"}],"curies":[{"name":"wp","href":"https:\/\/api.w.org\/{rel}","templated":true}]}}