{"id":1440,"date":"2017-06-28T20:55:36","date_gmt":"2017-06-28T19:55:36","guid":{"rendered":"http:\/\/www.monobjectifvelo.com\/?page_id=1440"},"modified":"2023-06-25T16:26:38","modified_gmt":"2023-06-25T14:26:38","slug":"votre-coach","status":"publish","type":"page","link":"https:\/\/www.monobjectifvelo.com\/?page_id=1440","title":{"rendered":"A propos"},"content":{"rendered":"\n<figure class=\"wp-block-image size-large\"><a href=\"https:\/\/www.monobjectifvelo.com\/wp-content\/uploads\/2023\/04\/Mise-en-avant.png\"><img fetchpriority=\"high\" decoding=\"async\" width=\"1024\" height=\"270\" src=\"https:\/\/www.monobjectifvelo.com\/wp-content\/uploads\/2023\/04\/Mise-en-avant-1024x270.png\" alt=\"\" class=\"wp-image-17702\" srcset=\"https:\/\/www.monobjectifvelo.com\/wp-content\/uploads\/2023\/04\/Mise-en-avant-1024x270.png 1024w, https:\/\/www.monobjectifvelo.com\/wp-content\/uploads\/2023\/04\/Mise-en-avant-scaled-600x158.png 600w, https:\/\/www.monobjectifvelo.com\/wp-content\/uploads\/2023\/04\/Mise-en-avant-300x79.png 300w, https:\/\/www.monobjectifvelo.com\/wp-content\/uploads\/2023\/04\/Mise-en-avant-768x203.png 768w, https:\/\/www.monobjectifvelo.com\/wp-content\/uploads\/2023\/04\/Mise-en-avant-1536x405.png 1536w, https:\/\/www.monobjectifvelo.com\/wp-content\/uploads\/2023\/04\/Mise-en-avant-2048x540.png 2048w, https:\/\/www.monobjectifvelo.com\/wp-content\/uploads\/2023\/04\/Mise-en-avant-1000x264.png 1000w, https:\/\/www.monobjectifvelo.com\/wp-content\/uploads\/2023\/04\/Mise-en-avant-230x61.png 230w, https:\/\/www.monobjectifvelo.com\/wp-content\/uploads\/2023\/04\/Mise-en-avant-350x92.png 350w, https:\/\/www.monobjectifvelo.com\/wp-content\/uploads\/2023\/04\/Mise-en-avant-480x127.png 480w\" sizes=\"(max-width: 1024px) 100vw, 1024px\" \/><\/a><\/figure>\n\n\n\n<h3 class=\"wp-block-heading\">St\u00e9phane Gourmelon<\/h3>\n\n\n\n<ul class=\"wp-block-list\" style=\"font-size:18px\">\n<li>Brevet d&rsquo;Etat d\u2019\u00c9ducateur Sportif des Activit\u00e9s du Cyclisme (BEESAC)<\/li>\n\n\n\n<li>Licence STAPS Entra\u00eenement Sportif<\/li>\n\n\n\n<li>CQP ALS Activit\u00e9s Gymnique d&rsquo;Entretien et d&rsquo;Expression &#8211;&gt; Encadrement Cours Collectifs<\/li>\n\n\n\n<li>Brevet F\u00e9d\u00e9ral 3\u00e8me degr\u00e9 Entra\u00eeneur Route (FFC) &#8211;&gt; Nouvelle appellation Entra\u00eeneur F\u00e9d\u00e9ral<\/li>\n\n\n\n<li>Brevet F\u00e9d\u00e9ral 3\u00e8me degr\u00e9 Entra\u00eeneur Piste (FFC) &#8211;&gt; Nouvelle appellation Entra\u00eeneur F\u00e9d\u00e9ral<\/li>\n\n\n\n<li>Coach V\u00e9lo Sant\u00e9 (FFC)<\/li>\n\n\n\n<li>Arbitre Chronom\u00e9treur R\u00e9gional (FFC)<\/li>\n\n\n\n<li>Formation Initiale LesMills BodyPump<\/li>\n\n\n\n<li>Formation Initiale LesMills RPM<\/li>\n\n\n\n<li>Formation Pros du Sport et Pr\u00e9f\u00e9rences Motrices Naturelles &#8211; Niveau 4\/4 (Volodalen)<\/li>\n\n\n\n<li>Formation Bike-Fitting et Pr\u00e9f\u00e9rences &#8211; Niveau 2\/2 (Volodalen)<\/li>\n\n\n\n<li>Formation R\u00e9flexes et Rr\u00e9f\u00e9rences &#8211; Niveau 2\/2) (Volodalen)<\/li>\n<\/ul>\n\n\n\n<h4 class=\"wp-block-heading\">Exp\u00e9riences certifi\u00e9es Volodalen&nbsp;:<\/h4>\n\n\n\n<figure class=\"wp-block-gallery has-nested-images columns-5 wp-block-gallery-1 is-layout-flex wp-block-gallery-is-layout-flex\">\n<figure class=\"wp-block-image size-thumbnail is-style-rounded\"><a href=\"https:\/\/www.monobjectifvelo.com\/wp-content\/uploads\/2023\/06\/s2.png\"><img decoding=\"async\" width=\"150\" height=\"150\" data-id=\"18052\" src=\"https:\/\/www.monobjectifvelo.com\/wp-content\/uploads\/2023\/06\/s2-150x150.png\" alt=\"\" class=\"wp-image-18052\" srcset=\"https:\/\/www.monobjectifvelo.com\/wp-content\/uploads\/2023\/06\/s2-150x150.png 150w, https:\/\/www.monobjectifvelo.com\/wp-content\/uploads\/2023\/06\/s2-300x300.png 300w, https:\/\/www.monobjectifvelo.com\/wp-content\/uploads\/2023\/06\/s2-100x100.png 100w, https:\/\/www.monobjectifvelo.com\/wp-content\/uploads\/2023\/06\/s2-350x350.png 350w, https:\/\/www.monobjectifvelo.com\/wp-content\/uploads\/2023\/06\/s2-55x55.png 55w, https:\/\/www.monobjectifvelo.com\/wp-content\/uploads\/2023\/06\/s2-50x50.png 50w, https:\/\/www.monobjectifvelo.com\/wp-content\/uploads\/2023\/06\/s2.png 396w\" sizes=\"(max-width: 150px) 100vw, 150px\" \/><\/a><\/figure>\n\n\n\n<figure class=\"wp-block-image size-thumbnail is-style-rounded\"><a href=\"https:\/\/www.monobjectifvelo.com\/wp-content\/uploads\/2022\/11\/s4.png\"><img decoding=\"async\" width=\"150\" height=\"150\" data-id=\"17176\" src=\"https:\/\/www.monobjectifvelo.com\/wp-content\/uploads\/2022\/11\/s4-150x150.png\" alt=\"\" class=\"wp-image-17176\" srcset=\"https:\/\/www.monobjectifvelo.com\/wp-content\/uploads\/2022\/11\/s4-150x150.png 150w, https:\/\/www.monobjectifvelo.com\/wp-content\/uploads\/2022\/11\/s4-300x300.png 300w, https:\/\/www.monobjectifvelo.com\/wp-content\/uploads\/2022\/11\/s4-100x100.png 100w\" sizes=\"(max-width: 150px) 100vw, 150px\" \/><\/a><\/figure>\n\n\n\n<figure class=\"wp-block-image size-thumbnail\"><a href=\"https:\/\/www.monobjectifvelo.com\/wp-content\/uploads\/2023\/06\/badge_reflexes-niveau-2.png\"><img loading=\"lazy\" decoding=\"async\" width=\"150\" height=\"150\" data-id=\"18051\" src=\"https:\/\/www.monobjectifvelo.com\/wp-content\/uploads\/2023\/06\/badge_reflexes-niveau-2-150x150.png\" alt=\"\" class=\"wp-image-18051\" srcset=\"https:\/\/www.monobjectifvelo.com\/wp-content\/uploads\/2023\/06\/badge_reflexes-niveau-2-150x150.png 150w, https:\/\/www.monobjectifvelo.com\/wp-content\/uploads\/2023\/06\/badge_reflexes-niveau-2-300x300.png 300w, https:\/\/www.monobjectifvelo.com\/wp-content\/uploads\/2023\/06\/badge_reflexes-niveau-2-100x100.png 100w, https:\/\/www.monobjectifvelo.com\/wp-content\/uploads\/2023\/06\/badge_reflexes-niveau-2-600x601.png 600w, https:\/\/www.monobjectifvelo.com\/wp-content\/uploads\/2023\/06\/badge_reflexes-niveau-2-1022x1024.png 1022w, https:\/\/www.monobjectifvelo.com\/wp-content\/uploads\/2023\/06\/badge_reflexes-niveau-2-768x769.png 768w, https:\/\/www.monobjectifvelo.com\/wp-content\/uploads\/2023\/06\/badge_reflexes-niveau-2-55x55.png 55w, https:\/\/www.monobjectifvelo.com\/wp-content\/uploads\/2023\/06\/badge_reflexes-niveau-2-50x50.png 50w, https:\/\/www.monobjectifvelo.com\/wp-content\/uploads\/2023\/06\/badge_reflexes-niveau-2.png 1082w\" sizes=\"(max-width: 150px) 100vw, 150px\" \/><\/a><\/figure>\n<\/figure>\n\n\n\n<h4 class=\"wp-block-heading\">Carte professionnelle&nbsp;:<\/h4>\n\n\n\n<p><a href=\"http:\/\/eapspublic.sports.gouv.fr\/CartePro\/Educateur\/02901ED0255\/02051977\" target=\"_blank\" rel=\"noopener noreferrer\">02901ED0255<\/a><\/p>\n\n\n\n<p><a href=\"http:\/\/www.sports.gouv.fr\/prevention\/protection-securite\/Reglementation-des-APS\/article\/Educateurs\" target=\"_blank\" rel=\"noopener noreferrer\">Et oui c&rsquo;est obligatoire pour les Educateurs Sportifs<\/a><\/p>\n","protected":false},"excerpt":{"rendered":"<p>St\u00e9phane Gourmelon Exp\u00e9riences certifi\u00e9es Volodalen&nbsp;: Carte professionnelle&nbsp;: 02901ED0255 Et oui c&rsquo;est obligatoire pour les Educateurs Sportifs<\/p>\n","protected":false},"author":1,"featured_media":17702,"parent":0,"menu_order":0,"comment_status":"closed","ping_status":"closed","template":"","meta":{"footnotes":""},"class_list":["post-1440","page","type-page","status-publish","has-post-thumbnail","hentry"],"_links":{"self":[{"href":"https:\/\/www.monobjectifvelo.com\/index.php?rest_route=\/wp\/v2\/pages\/1440","targetHints":{"allow":["GET"]}}],"collection":[{"href":"https:\/\/www.monobjectifvelo.com\/index.php?rest_route=\/wp\/v2\/pages"}],"about":[{"href":"https:\/\/www.monobjectifvelo.com\/index.php?rest_route=\/wp\/v2\/types\/page"}],"author":[{"embeddable":true,"href":"https:\/\/www.monobjectifvelo.com\/index.php?rest_route=\/wp\/v2\/users\/1"}],"replies":[{"embeddable":true,"href":"https:\/\/www.monobjectifvelo.com\/index.php?rest_route=%2Fwp%2Fv2%2Fcomments&post=1440"}],"version-history":[{"count":30,"href":"https:\/\/www.monobjectifvelo.com\/index.php?rest_route=\/wp\/v2\/pages\/1440\/revisions"}],"predecessor-version":[{"id":18053,"href":"https:\/\/www.monobjectifvelo.com\/index.php?rest_route=\/wp\/v2\/pages\/1440\/revisions\/18053"}],"wp:featuredmedia":[{"embeddable":true,"href":"https:\/\/www.monobjectifvelo.com\/index.php?rest_route=\/wp\/v2\/media\/17702"}],"wp:attachment":[{"href":"https:\/\/www.monobjectifvelo.com\/index.php?rest_route=%2Fwp%2Fv2%2Fmedia&parent=1440"}],"curies":[{"name":"wp","href":"https:\/\/api.w.org\/{rel}","templated":true}]}}