{"id":13952,"date":"2020-06-13T20:40:45","date_gmt":"2020-06-13T18:40:45","guid":{"rendered":"https:\/\/www.monobjectifvelo.com\/?page_id=13952"},"modified":"2024-07-31T13:34:18","modified_gmt":"2024-07-31T11:34:18","slug":"les-tests-devaluation","status":"publish","type":"page","link":"https:\/\/www.monobjectifvelo.com\/?page_id=13952","title":{"rendered":"Les tests d&rsquo;\u00e9valuation"},"content":{"rendered":"\t\t<div data-elementor-type=\"wp-page\" data-elementor-id=\"13952\" class=\"elementor elementor-13952\">\n\t\t\t\t\t\t<section class=\"elementor-section elementor-top-section elementor-element elementor-element-659c11cb elementor-section-boxed elementor-section-height-default elementor-section-height-default\" data-id=\"659c11cb\" data-element_type=\"section\" data-e-type=\"section\">\n\t\t\t\t\t\t<div class=\"elementor-container elementor-column-gap-default\">\n\t\t\t\t\t<div class=\"elementor-column elementor-col-100 elementor-top-column elementor-element elementor-element-14e05369\" data-id=\"14e05369\" data-element_type=\"column\" data-e-type=\"column\">\n\t\t\t<div class=\"elementor-widget-wrap elementor-element-populated\">\n\t\t\t\t\t\t<div class=\"elementor-element elementor-element-62978802 elementor-widget elementor-widget-text-editor\" data-id=\"62978802\" data-element_type=\"widget\" data-e-type=\"widget\" data-widget_type=\"text-editor.default\">\n\t\t\t\t<div class=\"elementor-widget-container\">\n\t\t\t\t\t\t\t\t\t<h3 style=\"text-align: center;\">Une photographie de votre condition physique<\/h3>\n<p>Un test, ou une \u00e9valuation, est une photographie d\u2019une ou de plusieurs qualit\u00e9s physiques, techniques, tactiques. Cette photographie va refl\u00e9ter l\u2019\u00e9tat du sportif \u00e0 un moment donn\u00e9.<br \/>Comme tout bon photographe, le sportif va s\u2019entra\u00eener pour am\u00e9liorer la qualit\u00e9 de la photographie. Il n\u2019est donc pas n\u00e9cessaire de se tester tous les jours mais principalement apr\u00e8s une p\u00e9riode d\u2019entra\u00eenement.<br \/>Au cours de la saison sportive, le sportif peut comparer ses photographies. L\u2019entra\u00eeneur et le sportifs peuvent aussi comparer les r\u00e9sultats en les positionnant au sein d\u2019un panel de sportifs ou placer les r\u00e9sultats sur une grille sp\u00e9cifique \u00e0 l\u2019activit\u00e9 pratiqu\u00e9e. Attention en comparant les tests !!! Chaque test correspond \u00e0 un protocole sp\u00e9cifique dans une situation sp\u00e9cifique.<\/p>\n<h3 style=\"text-align: center;\">Les objectifs d&rsquo;un test<\/h3>\n<p>Revenons dans le domaine du sport et quittons la photographie pour observer les objectifs d\u2019un test :<\/p>\n<ul>\n<li><em>Mesurer les progr\u00e8s apr\u00e8s un cycle.<\/em>\u00a0On s\u2019entra\u00eene pour \u00eatre meilleur. L\u2019int\u00e9r\u00eat d\u2019un test, ici, est d\u2019\u00e9valuer la progression avec un entra\u00eenement donn\u00e9.<\/li>\n<li><em>Contr\u00f4ler la forme du sportif.<\/em>\u00a0Un test permet aussi de d\u00e9tecter de la fatigue par exemple.<\/li>\n<li><em>Actualiser les zones d\u2019entra\u00eenement.<\/em>\u00a0La progression am\u00e8ne de la force suppl\u00e9mentaire, de l\u2019endurance suppl\u00e9mentaire\u2026 Du coup, les valeurs de travail \u00e9voluent et un test de r\u00e9adapter la charge d\u2019entra\u00eenement.<\/li>\n<li><em>D\u00e9finir les forces et faiblesses.<\/em>\u00a0Une s\u00e9rie de tests diversifi\u00e9e permet de d\u00e9terminer les points forts d\u2019un sportif et aussi les points faibles.<\/li>\n<li><em>Classer des sportifs.<\/em>\u00a0Les tests vont permettre de diriger des sportifs vers un poste particulier (dans le cadre d\u2019un sport co\u2019) ou vers une discipline plus adapt\u00e9e. Les tests vont permettre aussi \u00e0 l\u2019entra\u00eenement d\u2019effectuer une s\u00e9lection en toute objectivit\u00e9.<\/li>\n<li><em>Aider le sportif \u00e0 se fixer des objectifs.<\/em>\u00a0Pour qu\u2019un objectif soit bon, il doit \u00eatre SMART (Sp\u00e9cifique \u2013 Mesurable \u2013 Atteignable \u2013 R\u00e9alisable \u2013 Temporel). Pour qu\u2019il soit atteignable, il faut s\u2019assurer que le point de d\u00e9part n\u2019est pas trop \u00e9loign\u00e9\u2026<\/li>\n<\/ul>\n<h3 style=\"text-align: center;\">Quoi \u00e9valuer ?<\/h3>\n<p>On \u00e9value selon l\u2019objectif \u00e0 atteindre et donc selon les crit\u00e8res de r\u00e9ussite \u00e0 r\u00e9aliser.<br \/>En fonction de votre sport, les qualit\u00e9s importantes seront diff\u00e9rentes :<\/p>\n<ul>\n<li>l\u2019endurance,<\/li>\n<li>la vitesse,<\/li>\n<li>la force,<\/li>\n<li>la coordination,<\/li>\n<li>la souplesse,<\/li>\n<li>la proprioception,<\/li>\n<li>la r\u00e9activit\u00e9,<\/li>\n<li>\u2026<\/li>\n<\/ul>\n<p>La combinaison de ces crit\u00e8res impliquera le choix d\u2019une fili\u00e8re \u00e9nerg\u00e9tique principale pour fournir aux muscles de l\u2019\u00e9nergie :<\/p>\n<ul>\n<li>Ana\u00e9robie Alactique,<\/li>\n<li>Ana\u00e9robie Lactique,<\/li>\n<li>A\u00e9robie.<\/li>\n<\/ul>\n<p>En fonction de cela, l\u2019unit\u00e9 de mesure sera diff\u00e9rente :<\/p>\n<ul>\n<li>la vitesse (m\/s, Km\/h\u2026),<\/li>\n<li>le VO2max (L, Mml\/min\/Kg),<\/li>\n<li>la puissance (Watts),<\/li>\n<li>la force (Newton, Newton\/m\u00e8tre),<\/li>\n<li>l\u2019endurance (temps ou en distance),<\/li>\n<li>le nombre de r\u00e9p\u00e9tions,<\/li>\n<li>\u2026<\/li>\n<\/ul>\n<p>Donc \u00e0 partir de votre sport et de votre objectif, monevalsport.com vous proposera une \u00e9valuation adapt\u00e9e (en fonction des outils d\u2019\u00e9valuation disponibles) parmi une liste de tests ou en cr\u00e9ant des tests personnalis\u00e9s.<\/p>\n<h3 style=\"text-align: center;\">Quand \u00e9valuer ?<\/h3>\n<p>Il faut retenir l\u2019id\u00e9e que l\u2019\u00e9valuation sert \u00e0 mesurer une progression, un travail, un entra\u00eenement. Il faut donc placet des tests en d\u00e9but d\u2019un nouveau cycle de travail et en fin de cycle, pour le valider ou pas. Ceux sont des \u00e9valuations majeures. Des tests secondaires et moins formels peuvent aussi s\u2019ins\u00e9rer durant la p\u00e9riode d\u2019entra\u00eenement pour simplement affiner certaines variables (seuil physiologies\u2026) et v\u00e9rifier que le sportif est dans la bonne direction.<\/p>\n<h3 style=\"text-align: center;\">L&rsquo;importance du test \u00ab\u00a00\u00a0\u00bb<\/h3>\n<p>Beaucoup de sportifs n\u2019osent pas r\u00e9aliser de test sans \u00eatre entra\u00een\u00e9s. C\u2019est fort regrettable.<\/p>\n<p>Oui les r\u00e9sultats ne seront des records. Oui vous serez d\u00e9\u00e7u.<\/p>\n<p>Mais cette \u00e9valuation est importante car elle va marquer un nouveau d\u00e9part vers votre plein potentiel. <span style=\"color: #000000;\">Sans point de d\u00e9part, point d&rsquo;arriv\u00e9e.<\/span><\/p>\n<p>\u00a0<\/p>\n\n\n<div class=\"wp-block-buttons is-content-justification-center is-layout-flex wp-container-core-buttons-is-layout-16018d1d wp-block-buttons-is-layout-flex\"><\/div>\n\t\t\t\t\t\t\t\t<\/div>\n\t\t\t\t<\/div>\n\t\t\t\t\t<\/div>\n\t\t<\/div>\n\t\t\t\t\t<\/div>\n\t\t<\/section>\n\t\t\t\t<\/div>\n\t\t","protected":false},"excerpt":{"rendered":"<p>Une photographie de votre condition physique Un test, ou une \u00e9valuation, est une photographie d\u2019une ou de plusieurs qualit\u00e9s physiques, techniques, tactiques. Cette photographie va refl\u00e9ter l\u2019\u00e9tat du sportif \u00e0 un moment donn\u00e9.Comme tout bon photographe, le sportif va s\u2019entra\u00eener pour am\u00e9liorer la qualit\u00e9 de la photographie. Il n\u2019est donc pas n\u00e9cessaire de se tester [&hellip;]<\/p>\n","protected":false},"author":1,"featured_media":200,"parent":0,"menu_order":0,"comment_status":"closed","ping_status":"closed","template":"","meta":{"footnotes":""},"class_list":["post-13952","page","type-page","status-publish","has-post-thumbnail","hentry"],"_links":{"self":[{"href":"https:\/\/www.monobjectifvelo.com\/index.php?rest_route=\/wp\/v2\/pages\/13952","targetHints":{"allow":["GET"]}}],"collection":[{"href":"https:\/\/www.monobjectifvelo.com\/index.php?rest_route=\/wp\/v2\/pages"}],"about":[{"href":"https:\/\/www.monobjectifvelo.com\/index.php?rest_route=\/wp\/v2\/types\/page"}],"author":[{"embeddable":true,"href":"https:\/\/www.monobjectifvelo.com\/index.php?rest_route=\/wp\/v2\/users\/1"}],"replies":[{"embeddable":true,"href":"https:\/\/www.monobjectifvelo.com\/index.php?rest_route=%2Fwp%2Fv2%2Fcomments&post=13952"}],"version-history":[{"count":10,"href":"https:\/\/www.monobjectifvelo.com\/index.php?rest_route=\/wp\/v2\/pages\/13952\/revisions"}],"predecessor-version":[{"id":19475,"href":"https:\/\/www.monobjectifvelo.com\/index.php?rest_route=\/wp\/v2\/pages\/13952\/revisions\/19475"}],"wp:featuredmedia":[{"embeddable":true,"href":"https:\/\/www.monobjectifvelo.com\/index.php?rest_route=\/wp\/v2\/media\/200"}],"wp:attachment":[{"href":"https:\/\/www.monobjectifvelo.com\/index.php?rest_route=%2Fwp%2Fv2%2Fmedia&parent=13952"}],"curies":[{"name":"wp","href":"https:\/\/api.w.org\/{rel}","templated":true}]}}