{"id":10,"date":"2024-05-13T08:20:57","date_gmt":"2024-05-13T08:20:57","guid":{"rendered":"https:\/\/mygoalthemes.com\/demo\/rashy\/shop\/"},"modified":"2025-09-05T10:28:53","modified_gmt":"2025-09-05T08:28:53","slug":"shop","status":"publish","type":"page","link":"https:\/\/www.monobjectifvelo.com\/?page_id=10","title":{"rendered":"Shop"},"content":{"rendered":"<div data-block-name=\"woocommerce\/product-categories\" data-is-dropdown=\"true\" class=\"wp-block-woocommerce-product-categories wc-block-product-categories is-dropdown \" style=\"\">\n\t\t\t<div class=\"wc-block-product-categories__dropdown\">\n\t\t\t\t<label\n\t\t\t\tclass=\"screen-reader-text\"\n\t\t\t\t\tfor=\"product-categories-69eaceca0ec64-select\"\n\t\t\t\t>\n\t\t\t\t\tS\u00e9lectionner une cat\u00e9gorie\n\t\t\t\t<\/label>\n\t\t\t\t<select aria-label=\"Liste des cat\u00e9gories avec le nombre de produits\" id=\"product-categories-69eaceca0ec64-select\">\n\t\t\t\t\t<option value=\"false\" hidden>\n\t\t\t\t\t\tS\u00e9lectionner une cat\u00e9gorie\n\t\t\t\t\t<\/option>\n\t\t\t\t\t\n\t\t\t\t<option value=\"https:\/\/www.monobjectifvelo.com\/?product_cat=apponline\">\n\t\t\t\t\t\n\t\t\t\t\tApp OnLine\n\t\t\t\t\t(2)\n\t\t\t\t<\/option>\n\t\t\t\t\n\t\t\t\n\t\t\t\t<option value=\"https:\/\/www.monobjectifvelo.com\/?product_cat=credits-studio\">\n\t\t\t\t\t\n\t\t\t\t\tCr\u00e9dits Studio\n\t\t\t\t\t(9)\n\t\t\t\t<\/option>\n\t\t\t\t\n\t\t\t\n\t\t\t\t<option value=\"https:\/\/www.monobjectifvelo.com\/?product_cat=ebook\">\n\t\t\t\t\t\n\t\t\t\t\tEbook\n\t\t\t\t\t(1)\n\t\t\t\t<\/option>\n\t\t\t\t\n\t\t\t\n\t\t\t\t<option value=\"https:\/\/www.monobjectifvelo.com\/?product_cat=evaluation\">\n\t\t\t\t\t\n\t\t\t\t\tEvaluation\n\t\t\t\t\t(1)\n\t\t\t\t<\/option>\n\t\t\t\t\n\t\t\t\n\t\t\t\t<option value=\"https:\/\/www.monobjectifvelo.com\/?product_cat=intervention\">\n\t\t\t\t\t\n\t\t\t\t\tIntervention\n\t\t\t\t\t(1)\n\t\t\t\t<\/option>\n\t\t\t\t\n\t\t\t\n\t\t\t\t<\/select>\n\t\t\t<\/div>\n\t\t\t<button\n\t\t\t\ttype=\"button\"\n\t\t\t\tclass=\"wc-block-product-categories__button\"\n\t\t\t\taria-label=\"Acc\u00e9der \u00e0 la cat\u00e9gorie\"\n\t\t\t\tonclick=\"const url = document.getElementById( 'product-categories-69eaceca0ec64-select' ).value; if ( 'false' !== url ) document.location.href = url;\"\n\t\t\t>\n\t\t\t\t<svg\n\t\t\t\t\taria-hidden=\"true\"\n\t\t\t\t\trole=\"img\"\n\t\t\t\t\tfocusable=\"false\"\n\t\t\t\t\tclass=\"dashicon dashicons-arrow-right-alt2\"\n\t\t\t\t\txmlns=\"http:\/\/www.w3.org\/2000\/svg\"\n\t\t\t\t\twidth=\"20\"\n\t\t\t\t\theight=\"20\"\n\t\t\t\t\tviewBox=\"0 0 20 20\"\n\t\t\t\t>\n\t\t\t\t\t<path d=\"M6 15l5-5-5-5 1-2 7 7-7 7z\" \/>\n\t\t\t\t<\/svg>\n\t\t\t<\/button>\n\t\t<\/div>\n\n\n<div data-align-buttons=\"false\" data-block-name=\"woocommerce\/all-products\" data-columns=\"4\" data-content-visibility=\"{&quot;orderBy&quot;:true}\" data-layout-config=\"[[&quot;woocommerce\\\/product-image&quot;,{&quot;imageSizing&quot;:&quot;thumbnail&quot;}],[&quot;woocommerce\\\/product-title&quot;],[&quot;woocommerce\\\/product-price&quot;],[&quot;woocommerce\\\/product-rating&quot;],[&quot;woocommerce\\\/product-button&quot;]]\" data-orderby=\"popularity\" data-rows=\"3\" class=\"wp-block-woocommerce-all-products wc-block-all-products\" data-attributes=\"{&quot;alignButtons&quot;:false,&quot;columns&quot;:4,&quot;contentVisibility&quot;:{&quot;orderBy&quot;:true},&quot;isPreview&quot;:false,&quot;layoutConfig&quot;:[[&quot;woocommerce\/product-image&quot;,{&quot;imageSizing&quot;:&quot;thumbnail&quot;}],[&quot;woocommerce\/product-title&quot;],[&quot;woocommerce\/product-price&quot;],[&quot;woocommerce\/product-rating&quot;],[&quot;woocommerce\/product-button&quot;]],&quot;orderby&quot;:&quot;popularity&quot;,&quot;rows&quot;:3}\"><\/div>\n\n\n\n<p><\/p>\n","protected":false},"excerpt":{"rendered":"","protected":false},"author":85,"featured_media":0,"parent":0,"menu_order":0,"comment_status":"closed","ping_status":"closed","template":"wp-custom-template-overlapping-image","meta":{"footnotes":""},"class_list":["post-10","page","type-page","status-publish","hentry"],"_links":{"self":[{"href":"https:\/\/www.monobjectifvelo.com\/index.php?rest_route=\/wp\/v2\/pages\/10","targetHints":{"allow":["GET"]}}],"collection":[{"href":"https:\/\/www.monobjectifvelo.com\/index.php?rest_route=\/wp\/v2\/pages"}],"about":[{"href":"https:\/\/www.monobjectifvelo.com\/index.php?rest_route=\/wp\/v2\/types\/page"}],"author":[{"embeddable":true,"href":"https:\/\/www.monobjectifvelo.com\/index.php?rest_route=\/wp\/v2\/users\/85"}],"replies":[{"embeddable":true,"href":"https:\/\/www.monobjectifvelo.com\/index.php?rest_route=%2Fwp%2Fv2%2Fcomments&post=10"}],"version-history":[{"count":5,"href":"https:\/\/www.monobjectifvelo.com\/index.php?rest_route=\/wp\/v2\/pages\/10\/revisions"}],"predecessor-version":[{"id":20196,"href":"https:\/\/www.monobjectifvelo.com\/index.php?rest_route=\/wp\/v2\/pages\/10\/revisions\/20196"}],"wp:attachment":[{"href":"https:\/\/www.monobjectifvelo.com\/index.php?rest_route=%2Fwp%2Fv2%2Fmedia&parent=10"}],"curies":[{"name":"wp","href":"https:\/\/api.w.org\/{rel}","templated":true}]}}